
{"id":83,"date":"2019-03-21T17:24:50","date_gmt":"2019-03-21T16:24:50","guid":{"rendered":"http:\/\/dev.carolefekete.com\/?page_id=83"},"modified":"2025-12-03T18:32:42","modified_gmt":"2025-12-03T17:32:42","slug":"les-armures","status":"publish","type":"page","link":"https:\/\/www.carolefekete.com\/en\/les-armures\/","title":{"rendered":"Les armures"},"content":{"rendered":"<figure class=\"wp-block-image\"><img decoding=\"async\" src=\"https:\/\/www.carolefekete.com\/wp-content\/uploads\/2019\/03\/ARMURES.jpg\" alt=\"\"\/><\/figure>\n\n\n\n<p class=\"translation-block\"><em>Les armures<\/em>, 2014, impression dos bleu, 270 x 530 cm<\/p>\n\n\n\n<div style=\"height:0em\" aria-hidden=\"true\" class=\"wp-block-spacer\"><\/div>\n\n\n\n<div class=\"wp-block-media-text is-stacked-on-mobile\" style=\"grid-template-columns:68% auto\"><figure class=\"wp-block-media-text__media\"><img loading=\"lazy\" decoding=\"async\" width=\"1024\" height=\"768\" src=\"https:\/\/www.carolefekete.com\/wp-content\/uploads\/2025\/10\/Armures_1920-1024x768.jpg\" alt=\"\" class=\"wp-image-2084 size-full\" srcset=\"https:\/\/www.carolefekete.com\/wp-content\/uploads\/2025\/10\/Armures_1920-1024x768.jpg 1024w, https:\/\/www.carolefekete.com\/wp-content\/uploads\/2025\/10\/Armures_1920-300x225.jpg 300w, https:\/\/www.carolefekete.com\/wp-content\/uploads\/2025\/10\/Armures_1920-768x576.jpg 768w, https:\/\/www.carolefekete.com\/wp-content\/uploads\/2025\/10\/Armures_1920-1536x1152.jpg 1536w, https:\/\/www.carolefekete.com\/wp-content\/uploads\/2025\/10\/Armures_1920-16x12.jpg 16w, https:\/\/www.carolefekete.com\/wp-content\/uploads\/2025\/10\/Armures_1920-1000x750.jpg 1000w, https:\/\/www.carolefekete.com\/wp-content\/uploads\/2025\/10\/Armures_1920-230x173.jpg 230w, https:\/\/www.carolefekete.com\/wp-content\/uploads\/2025\/10\/Armures_1920-350x263.jpg 350w, https:\/\/www.carolefekete.com\/wp-content\/uploads\/2025\/10\/Armures_1920-480x360.jpg 480w, https:\/\/www.carolefekete.com\/wp-content\/uploads\/2025\/10\/Armures_1920.jpg 1920w\" sizes=\"auto, (max-width: 1024px) 100vw, 1024px\" \/><\/figure><div class=\"wp-block-media-text__content\">\n<p><\/p>\n<\/div><\/div>\n\n\n\n<p><em>Les armures<\/em>, Mus\u00e9e de l\u2019Arm\u00e9e, H\u00f4tel des invalides, Paris<\/p>\n\n\n\n<p class=\"translation-block\">The project of The Armors took place at the French Mus\u00e9e de l'Arm\u00e9e in Paris in 2014 in the arsenal that houses the reserves of the Antique Department. Using the model of a traditional group photo, this project is monumental because at a scale of 1:1.\u00a0The picture is directly maruflaged on the wall as were the fresco paintings current at the time armors where used.\u00a0Fantomatic presences, these surface images appear during the exhibition and then they disappear, casting doubt about their own reality.\u00a0A primitive version of the cyborg, or 16<sup>th<\/sup> and 17<sup>th<\/sup> centuries\u2019 versions of Star Wars, the outdated appear of these metalic bodies, some with mustaches, appears as a mascarade which playfully evokes war games without fulling hiding their menace.<\/p>\n\n\n\n<div style=\"height:0em\" aria-hidden=\"true\" class=\"wp-block-spacer\"><\/div>\n\n\n\n<div class=\"wp-block-media-text is-stacked-on-mobile\"><figure class=\"wp-block-media-text__media\"><img loading=\"lazy\" decoding=\"async\" width=\"709\" height=\"473\" src=\"https:\/\/www.carolefekete.com\/wp-content\/uploads\/2019\/03\/L1080690.jpg\" alt=\"Les armures au mus\u00e9e de Calais\" class=\"wp-image-103 size-full\" srcset=\"https:\/\/www.carolefekete.com\/wp-content\/uploads\/2019\/03\/L1080690.jpg 709w, https:\/\/www.carolefekete.com\/wp-content\/uploads\/2019\/03\/L1080690-300x200.jpg 300w, https:\/\/www.carolefekete.com\/wp-content\/uploads\/2019\/03\/L1080690-230x153.jpg 230w, https:\/\/www.carolefekete.com\/wp-content\/uploads\/2019\/03\/L1080690-350x233.jpg 350w, https:\/\/www.carolefekete.com\/wp-content\/uploads\/2019\/03\/L1080690-480x320.jpg 480w\" sizes=\"auto, (max-width: 709px) 100vw, 709px\" \/><\/figure><div class=\"wp-block-media-text__content\">\n<div style=\"height:0em\" aria-hidden=\"true\" class=\"wp-block-spacer\"><\/div>\n<\/div><\/div>\n\n\n\n<p class=\"has-text-align-left\"><em>Monument<\/em>, Mus\u00e9e des beaux-arts of Calais, France, 2014<\/p>","protected":false},"excerpt":{"rendered":"<p>Les armures, 2014, impression dos bleu, 270 x 530 cm Les armures, Mus\u00e9e de l\u2019Arm\u00e9e, H\u00f4tel des invalides, Paris La mise en sc\u00e8ne des armures a eu lieu au Mus\u00e9e de l\u2019Arm\u00e9e, dans l\u2019arsenal de l\u2019h\u00f4tel des Invalides qui abrite les r\u00e9serves du d\u00e9partement antique. Partant du mod\u00e8le de la traditionnelle photographie de groupe, le [&hellip;]<\/p>","protected":false},"author":1,"featured_media":103,"parent":0,"menu_order":0,"comment_status":"closed","ping_status":"closed","template":"","meta":{"advanced_seo_description":"","jetpack_seo_html_title":"","jetpack_seo_noindex":false,"footnotes":""},"class_list":["post-83","page","type-page","status-publish","has-post-thumbnail","hentry"],"jetpack_sharing_enabled":true,"_links":{"self":[{"href":"https:\/\/www.carolefekete.com\/en\/wp-json\/wp\/v2\/pages\/83","targetHints":{"allow":["GET"]}}],"collection":[{"href":"https:\/\/www.carolefekete.com\/en\/wp-json\/wp\/v2\/pages"}],"about":[{"href":"https:\/\/www.carolefekete.com\/en\/wp-json\/wp\/v2\/types\/page"}],"author":[{"embeddable":true,"href":"https:\/\/www.carolefekete.com\/en\/wp-json\/wp\/v2\/users\/1"}],"replies":[{"embeddable":true,"href":"https:\/\/www.carolefekete.com\/en\/wp-json\/wp\/v2\/comments?post=83"}],"version-history":[{"count":45,"href":"https:\/\/www.carolefekete.com\/en\/wp-json\/wp\/v2\/pages\/83\/revisions"}],"predecessor-version":[{"id":2181,"href":"https:\/\/www.carolefekete.com\/en\/wp-json\/wp\/v2\/pages\/83\/revisions\/2181"}],"wp:featuredmedia":[{"embeddable":true,"href":"https:\/\/www.carolefekete.com\/en\/wp-json\/wp\/v2\/media\/103"}],"wp:attachment":[{"href":"https:\/\/www.carolefekete.com\/en\/wp-json\/wp\/v2\/media?parent=83"}],"curies":[{"name":"wp","href":"https:\/\/api.w.org\/{rel}","templated":true}]}}