
{"id":65,"date":"2019-03-21T17:11:32","date_gmt":"2019-03-21T16:11:32","guid":{"rendered":"http:\/\/dev.carolefekete.com\/?page_id=65"},"modified":"2024-12-13T18:37:03","modified_gmt":"2024-12-13T17:37:03","slug":"collections","status":"publish","type":"page","link":"https:\/\/www.carolefekete.com\/en\/collections\/","title":{"rendered":"Collections"},"content":{"rendered":"<ul class=\"wp-block-list\">\n<li>Centre Georges Pompidou<\/li>\n\n\n\n<li>Mus\u00e9e national de c\u00e9ramique, S\u00e8vres<\/li>\n\n\n\n<li>Fondation d&rsquo;entreprise Herm\u00e8s<\/li>\n\n\n\n<li>Fondation Neuflize Vie<\/li>\n\n\n\n<li>Palais des Beaux-Arts de Lille<\/li>\n\n\n\n<li>Museum of Fine Arts in Calais, France<\/li>\n\n\n\n<li>CCF\/HSBC Prize for Photography<\/li>\n\n\n\n<li>Fonds national d&rsquo;art contemporain \/ Centre national des arts plastiques<\/li>\n\n\n\n<li>Collection Soci\u00e9t\u00e9 G\u00e9n\u00e9rale pour l&rsquo;art contemporain<\/li>\n\n\n\n<li>Biblioth\u00e8que nationale de France, department of engravings and photography<\/li>\n\n\n\n<li>The Robert Wilson Foundation, NYC<\/li>\n\n\n\n<li>Collection of the Acad\u00e9mie de France in Madrid, Casa Vel\u00e1zquez<\/li>\n\n\n\n<li>Artoth\u00e8ques of Villeurbanne and Grenoble, France<\/li>\n\n\n\n<li>La collection d\u2019Ana D.<\/li>\n\n\n\n<li>Private collections<\/li>\n<\/ul>","protected":false},"excerpt":{"rendered":"","protected":false},"author":1,"featured_media":0,"parent":0,"menu_order":0,"comment_status":"closed","ping_status":"closed","template":"","meta":{"advanced_seo_description":"","jetpack_seo_html_title":"","jetpack_seo_noindex":false,"footnotes":""},"class_list":["post-65","page","type-page","status-publish","hentry"],"jetpack_sharing_enabled":true,"_links":{"self":[{"href":"https:\/\/www.carolefekete.com\/en\/wp-json\/wp\/v2\/pages\/65","targetHints":{"allow":["GET"]}}],"collection":[{"href":"https:\/\/www.carolefekete.com\/en\/wp-json\/wp\/v2\/pages"}],"about":[{"href":"https:\/\/www.carolefekete.com\/en\/wp-json\/wp\/v2\/types\/page"}],"author":[{"embeddable":true,"href":"https:\/\/www.carolefekete.com\/en\/wp-json\/wp\/v2\/users\/1"}],"replies":[{"embeddable":true,"href":"https:\/\/www.carolefekete.com\/en\/wp-json\/wp\/v2\/comments?post=65"}],"version-history":[{"count":15,"href":"https:\/\/www.carolefekete.com\/en\/wp-json\/wp\/v2\/pages\/65\/revisions"}],"predecessor-version":[{"id":1634,"href":"https:\/\/www.carolefekete.com\/en\/wp-json\/wp\/v2\/pages\/65\/revisions\/1634"}],"wp:attachment":[{"href":"https:\/\/www.carolefekete.com\/en\/wp-json\/wp\/v2\/media?parent=65"}],"curies":[{"name":"wp","href":"https:\/\/api.w.org\/{rel}","templated":true}]}}