
{"id":63,"date":"2019-03-21T17:09:43","date_gmt":"2019-03-21T16:09:43","guid":{"rendered":"http:\/\/dev.carolefekete.com\/?page_id=63"},"modified":"2025-10-22T15:04:01","modified_gmt":"2025-10-22T13:04:01","slug":"bibliographie","status":"publish","type":"page","link":"https:\/\/www.carolefekete.com\/en\/bibliographie\/","title":{"rendered":"Bibliography"},"content":{"rendered":"<h4 class=\"wp-block-heading\">Monographs<\/h4>\n\n\n\n<div class=\"wp-block-columns is-not-stacked-on-mobile is-layout-flex wp-container-core-columns-is-layout-28f84493 wp-block-columns-is-layout-flex\">\n<div class=\"wp-block-column is-layout-flow wp-block-column-is-layout-flow\" style=\"flex-basis:18.5%\">\n<figure class=\"wp-block-image wp-container-content-69bc4bdf\"><img decoding=\"async\" src=\"https:\/\/www.carolefekete.com\/wp-content\/uploads\/2022\/09\/Correspondance_armenienne_couverture.jpg\" alt=\"Correspondance arm\u00e9nienne, Carole F\u00e9k\u00e9t\u00e9, couverture\" style=\"object-fit:cover\"\/><figcaption class=\"wp-element-caption\"><i>Correspondance arm\u00e9nienne<\/i>, Naima, \u00e9dition num\u00e9rique, 2022, <a href=\"https:\/\/www.naimaunlimited.com\/biblio\/correspondance-armenienne\/\">available here<\/a><\/figcaption><\/figure>\n<\/div>\n\n\n\n<div class=\"wp-block-column is-layout-flow wp-block-column-is-layout-flow\" style=\"flex-basis:25%\">\n<figure class=\"wp-block-image\"><img decoding=\"async\" src=\"https:\/\/www.carolefekete.com\/wp-content\/uploads\/2019\/03\/couvCaroleFeketeMonographie.jpg\" alt=\"\" style=\"object-fit:cover\"\/><figcaption class=\"wp-element-caption\"><i>Carole F\u00e9k\u00e9t\u00e9, <\/i><br>Naima, \u00e9dition num\u00e9rique, 2015, <a href=\"https:\/\/www.naimaunlimited.com\/biblio\/carole-fekete-monographie\/\">available here<\/a><\/figcaption><\/figure>\n<\/div>\n\n\n\n<div class=\"wp-block-column is-layout-flow wp-block-column-is-layout-flow\" style=\"flex-basis:26.7%\">\n<figure class=\"wp-block-image\"><img decoding=\"async\" src=\"https:\/\/www.carolefekete.com\/wp-content\/uploads\/2019\/03\/ce_qui_reste.png\" alt=\"\" style=\"object-fit:cover\"\/><figcaption class=\"wp-element-caption\"><i>Ce qui reste<\/i>, texte de Philippe-Alain Michaud, \u00c9ditions Biffures, Paris, 2010<\/figcaption><\/figure>\n<\/div>\n\n\n\n<div class=\"wp-block-column is-layout-flow wp-block-column-is-layout-flow\" style=\"flex-basis:25%\">\n<figure class=\"wp-block-image\"><img decoding=\"async\" src=\"https:\/\/www.carolefekete.com\/wp-content\/uploads\/2019\/03\/CCF.jpg\" alt=\"\" style=\"object-fit:cover\"\/><figcaption class=\"wp-element-caption\"><i>Carole F\u00e9k\u00e9t\u00e9<\/i>, texte de Jean Michel Ribettes, Actes-Sud\/Fondation CCF pour la photographie, Arles, 2000<\/figcaption><\/figure>\n<\/div>\n<\/div>\n\n\n\n<h4 class=\"wp-block-heading\">Publications<\/h4>\n\n\n\n<ul class=\"wp-block-list\">\n<li>Patrick Nardin, <em>FXMVT, Une histoire de Faux Mouvement<\/em>, Les Presses du R\u00e9el,<em> Paris<\/em>, 2022<\/li>\n\n\n\n<li>Soko Phay \/ Patrick Nardin, <em>Le paysage apr\u00e8s coup<\/em>, \u00c9ditions Naima, Paris, 2022<\/li>\n\n\n\n<li>Michel Poivert, <i>50 de photographie fran\u00e7aise, de 1970 \u00e0 nos jours<\/i>, \u00c9ditions Textuel, Paris, 2019<\/li>\n\n\n\n<li>Perrine Lacroix \/ Fran\u00e7ois Quintin, <em>La BF15 2015-2004<\/em>, \u00c9ditions deux-cent-cinq, Villeurbanne, 2015.<\/li>\n\n\n\n<li>Marc Nichanian, \u00ab\u00a0Sa propre image\u00a0\u00bb, <em>Le sujet de l&rsquo;histoire<\/em>, Nouvelles \u00e9ditions Lignes, Paris, 2015.<\/li>\n\n\n\n<li>Michel Poivert,<em> La photographie contemporaine<\/em>, \u00e9dition augment\u00e9e, Flammarion, Paris, 2010.<\/li>\n<\/ul>\n\n\n\n<h4 class=\"wp-block-heading\">Symposium Proceedings<\/h4>\n\n\n\n<ul class=\"wp-block-list\">\n<li>Actes du colloque&nbsp;Archives r\u00eav\u00e9es, M\u00e9moires de peintres, \u00ab Il faut \u00e9tablir la source de la lumi\u00e8re \u00bb, Dir. C\u00e9line Lubac, Marcel Lubac, Eric Bonnet, Presses Universitaires de Vincennes, Paris, 2019.<\/li>\n<\/ul>\n\n\n\n<h4 class=\"wp-block-heading\">Catalogues<\/h4>\n\n\n\n<ul class=\"wp-block-list\">\n<li><em>L\u2019exp\u00e9rience de la couleur<\/em>, Mus\u00e9e de la c\u00e9ramique, S\u00e8vres, Li\u00e9nart \u00e9ditions, 2017.<\/li>\n\n\n\n<li><em>A large family<\/em>, Alden Biesen Commandery, Bilzen, 2015.<\/li>\n\n\n\n<li><em>Bestes, bestiaux et bestioles (Gen\u00e8se)<\/em>, texte de Claude d&rsquo;Anthenaise, Ch\u00e2teau de Oiron, Centre des monuments nationaux, 2011.<\/li>\n\n\n\n<li><em>Les territoires du d\u00e9sir ou les m\u00e9tamorphoses d\u2019un mus\u00e9e imaginaire<\/em>, texte d&rsquo;Agn\u00e8s de Gouvion Saint Cyr, MUMA, Le Havre, 2011.<\/li>\n\n\n\n<li><em>Le bestiaire imaginaire, L&rsquo;animal dans la photographie de 1850 \u00e0 nos jours<\/em>, texte d\u2019Antoine de Baecque, Skira\/Flammarion, \u00c9vian, 2010.<\/li>\n\n\n\n<li><em>Artistes de la Casa de Vel\u00e1zquez, regard r\u00e9trospectif<\/em>, Institut Fran\u00e7ais, Madrid, 2008.<\/li>\n\n\n\n<li><em>Arcadia<\/em>, texte de Dominique Pineau, Ch\u00e2teau de Oiron, 2008.<\/li>\n\n\n\n<li><em>Photographies contemporaines, Points de vue<\/em>, Fondation HSBC pour la photographie, Textuel, 2007.<\/li>\n\n\n\n<li><em>Artistes de la Casa de Vel\u00e1zquez<\/em>, Casa de Vel\u00e1zquez, Madrid, 2007.<\/li>\n\n\n\n<li><em>La Naturaleza<\/em>, texte de Larisa Dryansky, Photo-Espa\u00f1a, Madrid, 2006.<\/li>\n\n\n\n<li><em>La r\u00e9gion humaine, des corps dans la ville<\/em>, texte de Michel Poivert, Septembre de la photographie, Lyon, 2006.<\/li>\n\n\n\n<li><em>La vie secr\u00e8te des choses<\/em>, texte de Pauline de Laboulaye, fondation Guerlain pour l&rsquo;art contemporain, Les Mesnuls, 2004.<\/li>\n\n\n\n<li><em>L\u2019anonyme, enqu\u00eate d\u2019identit\u00e9<\/em>, texte d&rsquo;Agn\u00e8s de Gouvion Saint-Cyr, Rencontres Internationales de la Photographie, Arles, Actes-Sud, 2001.<\/li>\n\n\n\n<li><em>Th\u00e9\u00e2tres du fantastique<\/em>, Printemps de Septembre, texte de Marie-Fr\u00e9d\u00e9rique Hallin, Toulouse, 2001<\/li>\n\n\n\n<li><em>Narcisse bless\u00e9, autoportraits contemporains, 1970-2000<\/em>, Passage de Retz, Paris, 2000.<\/li>\n<\/ul>\n\n\n\n<h4 class=\"wp-block-heading\">Reviews and Periodicals<\/h4>\n\n\n\n<ul class=\"wp-block-list\">\n<li>June Jeong, <em>Art world Cambodia, Landscapes Afterward(s), <\/em>Commemoration &amp; art, Public Art Mag. n\u00b0 153, S\u00e9oul, juin 2019<\/li>\n\n\n\n<li>Jean-Yves Jouannais, <em>L\u2019encyclop\u00e9die des guerres<\/em>, Arts magazine, juin 2014.<\/li>\n\n\n\n<li>Elisabeth Vedrenne, <em>Carole F\u00e9k\u00e9t\u00e9, de l\u2019autre c\u00f4t\u00e9 du miroir<\/em>, Connaissance des arts, juin 2014.<\/li>\n\n\n\n<li>Marc Nichanian, \u00ab\u00a0The image and the survivor\u00a0\u00bb, <em>Of regret and other back pages<\/em>, Manifesta n\u00b016, 2012-2013.<\/li>\n\n\n\n<li><em>El circo\/The Circus<\/em>, Exit n\u00b0 39, Madrid, novembre 2010.<\/li>\n\n\n\n<li>Michel Poivert, <em>Carole F\u00e9k\u00e9t\u00e9 : la d\u00e9votion et la reproduction<\/em>, ViteVu, St\u00e9 fran\u00e7aise de photographie, 2008.<\/li>\n\n\n\n<li><em>Flores\/Flowers<\/em>, Exit n\u00b0 28, Madrid, novembre 2007.<\/li>\n\n\n\n<li>Armelle Canitrot, <em>Carole F\u00e9k\u00e9t\u00e9 et Val\u00e9rie Belin<\/em>, Pour Voir, octobre 2001.<\/li>\n<\/ul>\n\n\n\n<h4 class=\"wp-block-heading\">Livres d&rsquo;artiste<\/h4>\n\n\n\n<ul class=\"wp-block-list\">\n<li><em>Les fleurs<\/em>, artist book made for UBS, Baudoin Lebon \u00e9diteur, Paris, France 2005<\/li>\n<\/ul>","protected":false},"excerpt":{"rendered":"<p>Monographies Ouvrages Publications universitaires Catalogues Revues et p\u00e9riodiques Livres d&rsquo;artiste<\/p>","protected":false},"author":1,"featured_media":0,"parent":0,"menu_order":0,"comment_status":"closed","ping_status":"closed","template":"","meta":{"advanced_seo_description":"","jetpack_seo_html_title":"","jetpack_seo_noindex":false,"footnotes":""},"class_list":["post-63","page","type-page","status-publish","hentry"],"jetpack_sharing_enabled":true,"_links":{"self":[{"href":"https:\/\/www.carolefekete.com\/en\/wp-json\/wp\/v2\/pages\/63","targetHints":{"allow":["GET"]}}],"collection":[{"href":"https:\/\/www.carolefekete.com\/en\/wp-json\/wp\/v2\/pages"}],"about":[{"href":"https:\/\/www.carolefekete.com\/en\/wp-json\/wp\/v2\/types\/page"}],"author":[{"embeddable":true,"href":"https:\/\/www.carolefekete.com\/en\/wp-json\/wp\/v2\/users\/1"}],"replies":[{"embeddable":true,"href":"https:\/\/www.carolefekete.com\/en\/wp-json\/wp\/v2\/comments?post=63"}],"version-history":[{"count":61,"href":"https:\/\/www.carolefekete.com\/en\/wp-json\/wp\/v2\/pages\/63\/revisions"}],"predecessor-version":[{"id":2043,"href":"https:\/\/www.carolefekete.com\/en\/wp-json\/wp\/v2\/pages\/63\/revisions\/2043"}],"wp:attachment":[{"href":"https:\/\/www.carolefekete.com\/en\/wp-json\/wp\/v2\/media?parent=63"}],"curies":[{"name":"wp","href":"https:\/\/api.w.org\/{rel}","templated":true}]}}