
{"id":57,"date":"2019-03-21T17:04:16","date_gmt":"2019-03-21T16:04:16","guid":{"rendered":"http:\/\/dev.carolefekete.com\/?page_id=57"},"modified":"2025-12-03T13:57:17","modified_gmt":"2025-12-03T12:57:17","slug":"biographie","status":"publish","type":"page","link":"https:\/\/www.carolefekete.com\/en\/biographie\/","title":{"rendered":"Bio"},"content":{"rendered":"<p>Carole F\u00e9k\u00e9t\u00e9 is a French artist born in 1970 in Alger (Algeria), she lives and works in the Paris region. Her work is based on photography, film, collages and installation projects. She deals with a wide range of subjects related to individual and collective memory. Exploring creative processes and its moving borders, her entire work is similar to a pool of heterogeneous pictures, collected objects, and stories. Like the technique of cutting and pasting pictures on paper she practices, (re)arranging and combining disparate elements on the idea of collage is central to all of her work. Through her sensitive approach of ancestrial gestures, forms and traditions, she observes how transmission is passed and conveyed into contemporary life, by making connections between past and present.&nbsp;<\/p>","protected":false},"excerpt":{"rendered":"<p>Carole F\u00e9k\u00e9t\u00e9 est une artiste fran\u00e7aise n\u00e9e en 1970 \u00e0 Alger, elle vit et travaille en r\u00e9gion parisienne. Sa pratique photographique s\u2019\u00e9largit au film, au collage et \u00e0 l\u2019installation. La diversit\u00e9 des sujets abord\u00e9s est travers\u00e9e par une pr\u00e9occupation concernant les liens entre la m\u00e9moire individuelle, collective, et l\u2019\u00e9laboration de la repr\u00e9sentation au sein de [&hellip;]<\/p>","protected":false},"author":1,"featured_media":0,"parent":0,"menu_order":0,"comment_status":"closed","ping_status":"closed","template":"","meta":{"advanced_seo_description":"","jetpack_seo_html_title":"","jetpack_seo_noindex":false,"footnotes":""},"class_list":["post-57","page","type-page","status-publish","hentry"],"jetpack_sharing_enabled":true,"_links":{"self":[{"href":"https:\/\/www.carolefekete.com\/en\/wp-json\/wp\/v2\/pages\/57","targetHints":{"allow":["GET"]}}],"collection":[{"href":"https:\/\/www.carolefekete.com\/en\/wp-json\/wp\/v2\/pages"}],"about":[{"href":"https:\/\/www.carolefekete.com\/en\/wp-json\/wp\/v2\/types\/page"}],"author":[{"embeddable":true,"href":"https:\/\/www.carolefekete.com\/en\/wp-json\/wp\/v2\/users\/1"}],"replies":[{"embeddable":true,"href":"https:\/\/www.carolefekete.com\/en\/wp-json\/wp\/v2\/comments?post=57"}],"version-history":[{"count":56,"href":"https:\/\/www.carolefekete.com\/en\/wp-json\/wp\/v2\/pages\/57\/revisions"}],"predecessor-version":[{"id":2141,"href":"https:\/\/www.carolefekete.com\/en\/wp-json\/wp\/v2\/pages\/57\/revisions\/2141"}],"wp:attachment":[{"href":"https:\/\/www.carolefekete.com\/en\/wp-json\/wp\/v2\/media?parent=57"}],"curies":[{"name":"wp","href":"https:\/\/api.w.org\/{rel}","templated":true}]}}