
{"id":2,"date":"2019-01-26T16:24:14","date_gmt":"2019-01-26T15:24:14","guid":{"rendered":"http:\/\/dev.carolefekete.com\/?page_id=2"},"modified":"2025-10-29T21:18:28","modified_gmt":"2025-10-29T20:18:28","slug":"page-d-exemple","status":"publish","type":"page","link":"https:\/\/www.carolefekete.com\/en\/","title":{"rendered":"Accueil"},"content":{"rendered":"<div class=\"wp-block-group is-layout-grid wp-container-core-group-is-layout-0e82c502 wp-block-group-is-layout-grid\">\n<figure class=\"wp-block-image is-resized\"><a href=\"\/en\/correspondance-armenienne\/\"><img decoding=\"async\" src=\"https:\/\/www.carolefekete.com\/wp-content\/uploads\/2022\/09\/Colombe_18_10_21-1.jpg\" alt=\"Carole F\u00e9k\u00e9t\u00e9, La Colombe\" style=\"width:370px\"\/><\/a><figcaption class=\"wp-element-caption\">Correspondance arm\u00e9nienne<\/figcaption><\/figure>\n\n\n\n<figure class=\"wp-block-image is-resized\"><a href=\"\/en\/collages-oeuvres-sur-papier\/\"><img decoding=\"async\" src=\"https:\/\/www.carolefekete.com\/wp-content\/uploads\/2022\/10\/Space_web-copie.jpg\" alt=\"Carole F\u00e9k\u00e9t\u00e9, Collages\" style=\"width:370px\"\/><\/a><figcaption class=\"wp-element-caption\">Collages \/ \u0152uvres sur papier<\/figcaption><\/figure>\n\n\n\n<figure class=\"wp-block-image is-resized\"><a href=\"\/en\/lherbier-de-a-a-z\/\"><img decoding=\"async\" src=\"https:\/\/www.carolefekete.com\/wp-content\/uploads\/2022\/09\/MG_1113_home.jpg\" alt=\"\" style=\"width:370px\"\/><\/a><figcaption class=\"wp-element-caption\">L&rsquo;herbier de A \u00e0 Z<\/figcaption><\/figure>\n<\/div>\n\n\n\n<div class=\"wp-block-group is-layout-grid wp-container-core-group-is-layout-988b637e wp-block-group-is-layout-grid\">\n<figure class=\"wp-block-image is-resized\"><a href=\"\/en\/landscapes-afterwards\/\"><img decoding=\"async\" src=\"https:\/\/www.carolefekete.com\/wp-content\/uploads\/2019\/03\/Love.jpg\" alt=\"\" style=\"width:370px\"\/><\/a><figcaption class=\"wp-element-caption\">Landscapes-Afterwar(d)s<\/figcaption><\/figure>\n\n\n\n<figure class=\"wp-block-image is-resized\"><a href=\"\/en\/a-meublements\/\"><img decoding=\"async\" src=\"https:\/\/www.carolefekete.com\/wp-content\/uploads\/2019\/03\/DSC02891-web.jpg\" alt=\"\" style=\"width:370px\"\/><\/a><figcaption class=\"wp-element-caption\">a-meublements<\/figcaption><\/figure>\n\n\n\n<figure class=\"wp-block-image is-resized\"><a href=\"\/en\/experience-de-la-couleur\/\"><img decoding=\"async\" src=\"https:\/\/www.carolefekete.com\/wp-content\/uploads\/2019\/03\/DSC02666_3.jpg\" alt=\"\" style=\"width:370px\"\/><\/a><figcaption class=\"wp-element-caption\">L\u2019exp\u00e9rience de la couleur<\/figcaption><\/figure>\n<\/div>\n\n\n\n<div class=\"wp-block-group is-layout-grid wp-container-core-group-is-layout-988b637e wp-block-group-is-layout-grid\">\n<figure class=\"wp-block-image is-resized\"><a href=\"\/en\/si-par-une-nuit-dhiver\/\"><img decoding=\"async\" src=\"https:\/\/www.carolefekete.com\/wp-content\/uploads\/2019\/03\/invitation_carole_fekete_to_mail_1-copie-2.jpg\" alt=\"\" style=\"width:370px\"\/><\/a><figcaption class=\"wp-element-caption\">Si par une nuit d&rsquo;hiver<\/figcaption><\/figure>\n\n\n\n<figure class=\"wp-block-image is-resized\"><a href=\"\/en\/lille\/\"><img decoding=\"async\" src=\"https:\/\/www.carolefekete.com\/wp-content\/uploads\/2019\/03\/DSC09546-web.jpg\" alt=\"\" style=\"width:370px\"\/><\/a><figcaption class=\"wp-element-caption\">Palais des beaux-arts de Lille<\/figcaption><\/figure>\n\n\n\n<figure class=\"wp-block-image is-resized\"><a href=\"\/en\/les-armures\/\"><img decoding=\"async\" src=\"https:\/\/www.carolefekete.com\/wp-content\/uploads\/2019\/03\/deux_armures.jpg\" alt=\"\" style=\"width:370px\"\/><\/a><figcaption class=\"wp-element-caption\">Les armures<\/figcaption><\/figure>\n<\/div>\n\n\n\n<div class=\"wp-block-group is-layout-grid wp-container-core-group-is-layout-988b637e wp-block-group-is-layout-grid\">\n<figure class=\"wp-block-image is-resized wp-container-content-dd6b0163\"><a href=\"\/en\/les-baraques\/\"><img decoding=\"async\" src=\"https:\/\/www.carolefekete.com\/wp-content\/uploads\/2019\/03\/baraques1.jpg\" alt=\"\" style=\"width:370px\"\/><\/a><figcaption class=\"wp-element-caption\">Les Baraques-Plage<\/figcaption><\/figure>\n\n\n\n<div style=\"height:100px\" aria-hidden=\"true\" class=\"wp-block-spacer\"><\/div>\n\n\n\n<div style=\"height:100px\" aria-hidden=\"true\" class=\"wp-block-spacer\"><\/div>\n<\/div>","protected":false},"excerpt":{"rendered":"","protected":false},"author":1,"featured_media":0,"parent":0,"menu_order":2,"comment_status":"closed","ping_status":"open","template":"page-templates\/page_fullwidth.php","meta":{"advanced_seo_description":"","jetpack_seo_html_title":"","jetpack_seo_noindex":false,"footnotes":""},"class_list":["post-2","page","type-page","status-publish","hentry"],"jetpack_sharing_enabled":true,"_links":{"self":[{"href":"https:\/\/www.carolefekete.com\/en\/wp-json\/wp\/v2\/pages\/2","targetHints":{"allow":["GET"]}}],"collection":[{"href":"https:\/\/www.carolefekete.com\/en\/wp-json\/wp\/v2\/pages"}],"about":[{"href":"https:\/\/www.carolefekete.com\/en\/wp-json\/wp\/v2\/types\/page"}],"author":[{"embeddable":true,"href":"https:\/\/www.carolefekete.com\/en\/wp-json\/wp\/v2\/users\/1"}],"replies":[{"embeddable":true,"href":"https:\/\/www.carolefekete.com\/en\/wp-json\/wp\/v2\/comments?post=2"}],"version-history":[{"count":50,"href":"https:\/\/www.carolefekete.com\/en\/wp-json\/wp\/v2\/pages\/2\/revisions"}],"predecessor-version":[{"id":2046,"href":"https:\/\/www.carolefekete.com\/en\/wp-json\/wp\/v2\/pages\/2\/revisions\/2046"}],"wp:attachment":[{"href":"https:\/\/www.carolefekete.com\/en\/wp-json\/wp\/v2\/media?parent=2"}],"curies":[{"name":"wp","href":"https:\/\/api.w.org\/{rel}","templated":true}]}}