
{"id":196,"date":"2019-03-21T18:28:46","date_gmt":"2019-03-21T17:28:46","guid":{"rendered":"http:\/\/dev.carolefekete.com\/?page_id=196"},"modified":"2025-12-03T11:27:28","modified_gmt":"2025-12-03T10:27:28","slug":"landscapes-afterwards","status":"publish","type":"page","link":"https:\/\/www.carolefekete.com\/en\/landscapes-afterwards\/","title":{"rendered":"Landscapes-Afterwar(d)s"},"content":{"rendered":"<p><em>Landscapes-Afterwar(d)s <\/em>s\u2019inscrit dans une r\u00e9flexion sur la m\u00e9moire des lieux \u00e0 l\u2019\u00e9preuve des guerres et des conflits. Si la nature est elle-m\u00eame meurtrie par un pass\u00e9 violent, comment t\u00e9moigner de l\u2019apr\u00e8s coup des paysages ? Comment un paysage qui a connu des crimes d\u2019une grande ampleur peut-il offrir une visibilit\u00e9 de l\u2019Histoire ? Partout o\u00f9 des conflits ont exist\u00e9, la question du paysage est essentielle pour d\u00e9chiffrer les strates m\u00e9morielles d\u2019\u00e9v\u00e9nements enfouis qui manifestent de fa\u00e7on diffuse, malgr\u00e9 le passage du temps, la r\u00e9alit\u00e9 de ce qui a \u00e9t\u00e9. Comment conf\u00e9rer alors une existence visuelle \u00e0 des \u00ab paysages-m\u00e9moires \u00bb ? Cette exposition est le premier r\u00e9sultat de deux ateliers laboratoires conduits au Cambodge, r\u00e9unissant des \u00e9tudiants de Master, des doctorants de l\u2019Universit\u00e9 Paris 8 et de l\u2019Universit\u00e9 royale des beaux-arts du Cambodge ; sous diverses formes leur travail interroge aussi bien la m\u00e9moire historique que la situation sociale et politique du pays. A Faux Mouvement, elle constitue le second volet du projet <em>Le paysage apr\u00e8s coup <\/em>pr\u00e9sent\u00e9 en d\u00e9cembre 2017, consacr\u00e9 \u00e0 la sc\u00e8ne artistique cambodgienne post-khmer rouge. Il s\u2019agit ici de mettre en \u00e9vidence les pratiques exp\u00e9rimentales issues des ateliers laboratoires du programme IDEFI-Cr\u00e9aTIC conduits dans le contexte singulier du Cambodge contemporain. <em>Patrick Nardin<\/em><\/p>\n\n\n\n<p>Atelier Laboratoire&nbsp;<em>M\u00e9moire et Paysage&nbsp;<\/em>| Paris-Phnom Penh 2017\/2018, a<em style=\"box-sizing: border-box;\">vec l\u2019universit\u00e9 Paris<\/em>&nbsp;8<\/p>\n\n\n\n<figure class=\"wp-block-gallery has-nested-images columns-1 wp-block-gallery-1 is-layout-flex wp-block-gallery-is-layout-flex\">\n<figure class=\"wp-block-image\"><img decoding=\"async\" src=\"https:\/\/www.carolefekete.com\/wp-content\/uploads\/2019\/03\/DSC03302-1024x768.jpg\" alt=\"\"\/><\/figure>\n\n\n\n<figure class=\"wp-block-image\"><img decoding=\"async\" src=\"https:\/\/www.carolefekete.com\/wp-content\/uploads\/2019\/03\/DSC03309-1024x768.jpg\" alt=\"\"\/><\/figure>\n<\/figure>\n\n\n\n<p>View of the exhibition, Faux Mouvement Contemporary Art Center, Metz 2018<\/p>\n\n\n\n<div style=\"height:1em\" aria-hidden=\"true\" class=\"wp-block-spacer\"><\/div>\n\n\n\n<div class=\"wp-block-columns are-vertically-aligned-center is-layout-flex wp-container-core-columns-is-layout-28f84493 wp-block-columns-is-layout-flex\">\n<div class=\"wp-block-column is-layout-flow wp-block-column-is-layout-flow\" style=\"flex-basis:70%\">\n<figure class=\"wp-block-image\"><img loading=\"lazy\" decoding=\"async\" width=\"900\" height=\"675\" src=\"https:\/\/www.carolefekete.com\/wp-content\/uploads\/2025\/07\/Phsar_Still_9.jpg\" alt=\"Carole F\u00e9k\u00e9t\u00e9, photogramme\" class=\"wp-image-1936\" srcset=\"https:\/\/www.carolefekete.com\/wp-content\/uploads\/2025\/07\/Phsar_Still_9.jpg 900w, https:\/\/www.carolefekete.com\/wp-content\/uploads\/2025\/07\/Phsar_Still_9-300x225.jpg 300w, https:\/\/www.carolefekete.com\/wp-content\/uploads\/2025\/07\/Phsar_Still_9-768x576.jpg 768w, https:\/\/www.carolefekete.com\/wp-content\/uploads\/2025\/07\/Phsar_Still_9-16x12.jpg 16w, https:\/\/www.carolefekete.com\/wp-content\/uploads\/2025\/07\/Phsar_Still_9-230x173.jpg 230w, https:\/\/www.carolefekete.com\/wp-content\/uploads\/2025\/07\/Phsar_Still_9-350x263.jpg 350w, https:\/\/www.carolefekete.com\/wp-content\/uploads\/2025\/07\/Phsar_Still_9-480x360.jpg 480w\" sizes=\"auto, (max-width: 900px) 100vw, 900px\" \/><\/figure>\n\n\n\n<p><em>Running Phnom Penh<\/em>, films super 8 num\u00e9ris\u00e9s, 5&prime;, boucle, 2018<\/p>\n\n\n\n<p>The maddening traffic of Phnom Penh is a melting pot of tuk-tuks, two-wheelers, cars and pedestrians. Filmed in super 8, bodies and faces are the subjects of a montage which attempts to choreograph the effervescent Cambodian capital.<\/p>\n<\/div>\n\n\n\n<div class=\"wp-block-column is-layout-flow wp-block-column-is-layout-flow\" style=\"flex-basis:30%\"><\/div>\n<\/div>\n\n\n\n<div style=\"height:1em\" aria-hidden=\"true\" class=\"wp-block-spacer\"><\/div>\n\n\n\n<figure class=\"wp-block-image size-large\"><img loading=\"lazy\" decoding=\"async\" width=\"1024\" height=\"856\" src=\"https:\/\/www.carolefekete.com\/wp-content\/uploads\/2025\/07\/Montage_PoP_Phsar-1024x856.jpg\" alt=\"Carole F\u00e9k\u00e9t\u00e9, vues de la projection de Pop Phsar Kandal, diaporama de photos num\u00e9riques en boucle, 2018\" class=\"wp-image-1944\" srcset=\"https:\/\/www.carolefekete.com\/wp-content\/uploads\/2025\/07\/Montage_PoP_Phsar-1024x856.jpg 1024w, https:\/\/www.carolefekete.com\/wp-content\/uploads\/2025\/07\/Montage_PoP_Phsar-300x251.jpg 300w, https:\/\/www.carolefekete.com\/wp-content\/uploads\/2025\/07\/Montage_PoP_Phsar-768x642.jpg 768w, https:\/\/www.carolefekete.com\/wp-content\/uploads\/2025\/07\/Montage_PoP_Phsar-1536x1284.jpg 1536w, https:\/\/www.carolefekete.com\/wp-content\/uploads\/2025\/07\/Montage_PoP_Phsar-14x12.jpg 14w, https:\/\/www.carolefekete.com\/wp-content\/uploads\/2025\/07\/Montage_PoP_Phsar-1000x836.jpg 1000w, https:\/\/www.carolefekete.com\/wp-content\/uploads\/2025\/07\/Montage_PoP_Phsar-230x192.jpg 230w, https:\/\/www.carolefekete.com\/wp-content\/uploads\/2025\/07\/Montage_PoP_Phsar-350x293.jpg 350w, https:\/\/www.carolefekete.com\/wp-content\/uploads\/2025\/07\/Montage_PoP_Phsar-480x401.jpg 480w, https:\/\/www.carolefekete.com\/wp-content\/uploads\/2025\/07\/Montage_PoP_Phsar.jpg 1914w\" sizes=\"auto, (max-width: 1024px) 100vw, 1024px\" \/><\/figure>\n\n\n\n<p class=\"translation-block\"><em>Pop Phsar Kandal<\/em>, digital images in loop, 2018<\/p>\n\n\n\n<p>Une soixantaine de chemises \u00e0 fleurs de femmes en mouvement, photographi\u00e9es de dos au march\u00e9 Phsar Kandal \u00e0 Phnom Penh. Les motifs floraux, influenc\u00e9s par la tradition ornementale asiatique, sont int\u00e9gr\u00e9s au quotidien dans les habitudes vestimentaires. L\u2019ornemental t\u00e9moigne d\u2019une tradition ancienne \u00e0 travers la culture populaire contemporaine, ici v\u00e9hicul\u00e9e par l\u2019identit\u00e9 f\u00e9minine.<\/p>\n\n\n\n<div style=\"height:1em\" aria-hidden=\"true\" class=\"wp-block-spacer\"><\/div>\n\n\n\n<figure class=\"wp-block-image\"><img decoding=\"async\" src=\"https:\/\/www.carolefekete.com\/wp-content\/uploads\/2025\/07\/Montage_Love.jpg\" alt=\"Carole F\u00e9k\u00e9t\u00e9, LOVE, photographies num\u00e9riques anim\u00e9es en boucle, 2018\"\/><\/figure>\n\n\n\n<p class=\"translation-block\"><em>LOVE<\/em>, digital images in loop, 2018<\/p>\n\n\n\n<p>A sequence of images shot at Diamond Island\u2019s amusement park in Phnom Penh. In the deserted streets of Diamond Island\u2019s monumental and kitsch urbanism, the amusement park\u2019s multicolored lights, screams and strong emotions arise as on a dreamlike stage, between enchantment and illusion.<\/p>","protected":false},"excerpt":{"rendered":"<p>Landscapes-Afterwar(d)s s\u2019inscrit dans une r\u00e9flexion sur la m\u00e9moire des lieux \u00e0 l\u2019\u00e9preuve des guerres et des conflits. Si la nature est elle-m\u00eame meurtrie par un pass\u00e9 violent, comment t\u00e9moigner de l\u2019apr\u00e8s coup des paysages ? Comment un paysage qui a connu des crimes d\u2019une grande ampleur peut-il offrir une visibilit\u00e9 de l\u2019Histoire ? Partout o\u00f9 [&hellip;]<\/p>","protected":false},"author":1,"featured_media":201,"parent":0,"menu_order":0,"comment_status":"closed","ping_status":"closed","template":"","meta":{"advanced_seo_description":"","jetpack_seo_html_title":"","jetpack_seo_noindex":false,"footnotes":""},"class_list":["post-196","page","type-page","status-publish","has-post-thumbnail","hentry"],"jetpack_sharing_enabled":true,"_links":{"self":[{"href":"https:\/\/www.carolefekete.com\/en\/wp-json\/wp\/v2\/pages\/196","targetHints":{"allow":["GET"]}}],"collection":[{"href":"https:\/\/www.carolefekete.com\/en\/wp-json\/wp\/v2\/pages"}],"about":[{"href":"https:\/\/www.carolefekete.com\/en\/wp-json\/wp\/v2\/types\/page"}],"author":[{"embeddable":true,"href":"https:\/\/www.carolefekete.com\/en\/wp-json\/wp\/v2\/users\/1"}],"replies":[{"embeddable":true,"href":"https:\/\/www.carolefekete.com\/en\/wp-json\/wp\/v2\/comments?post=196"}],"version-history":[{"count":93,"href":"https:\/\/www.carolefekete.com\/en\/wp-json\/wp\/v2\/pages\/196\/revisions"}],"predecessor-version":[{"id":2168,"href":"https:\/\/www.carolefekete.com\/en\/wp-json\/wp\/v2\/pages\/196\/revisions\/2168"}],"wp:featuredmedia":[{"embeddable":true,"href":"https:\/\/www.carolefekete.com\/en\/wp-json\/wp\/v2\/media\/201"}],"wp:attachment":[{"href":"https:\/\/www.carolefekete.com\/en\/wp-json\/wp\/v2\/media?parent=196"}],"curies":[{"name":"wp","href":"https:\/\/api.w.org\/{rel}","templated":true}]}}