
{"id":1955,"date":"2025-10-20T22:12:44","date_gmt":"2025-10-20T20:12:44","guid":{"rendered":"https:\/\/www.carolefekete.com\/?page_id=1955"},"modified":"2025-12-03T11:27:56","modified_gmt":"2025-12-03T10:27:56","slug":"a-meublements","status":"publish","type":"page","link":"https:\/\/www.carolefekete.com\/en\/a-meublements\/","title":{"rendered":"a-meublements"},"content":{"rendered":"<p><em>a_meublements<\/em>, exposition du 15 juin au 15 octobre 2018, Centre d&rsquo;art Faux Mouvement, Metz<\/p>\n\n\n\n<figure class=\"wp-block-image aligncenter size-full\"><img loading=\"lazy\" decoding=\"async\" width=\"1920\" height=\"2190\" src=\"https:\/\/www.carolefekete.com\/wp-content\/uploads\/2025\/10\/a_meublement_Montage.jpg\" alt=\"\" class=\"wp-image-2065\" srcset=\"https:\/\/www.carolefekete.com\/wp-content\/uploads\/2025\/10\/a_meublement_Montage.jpg 1920w, https:\/\/www.carolefekete.com\/wp-content\/uploads\/2025\/10\/a_meublement_Montage-263x300.jpg 263w, https:\/\/www.carolefekete.com\/wp-content\/uploads\/2025\/10\/a_meublement_Montage-898x1024.jpg 898w, https:\/\/www.carolefekete.com\/wp-content\/uploads\/2025\/10\/a_meublement_Montage-768x876.jpg 768w, https:\/\/www.carolefekete.com\/wp-content\/uploads\/2025\/10\/a_meublement_Montage-1347x1536.jpg 1347w, https:\/\/www.carolefekete.com\/wp-content\/uploads\/2025\/10\/a_meublement_Montage-1796x2048.jpg 1796w, https:\/\/www.carolefekete.com\/wp-content\/uploads\/2025\/10\/a_meublement_Montage-11x12.jpg 11w, https:\/\/www.carolefekete.com\/wp-content\/uploads\/2025\/10\/a_meublement_Montage-1000x1141.jpg 1000w, https:\/\/www.carolefekete.com\/wp-content\/uploads\/2025\/10\/a_meublement_Montage-230x262.jpg 230w, https:\/\/www.carolefekete.com\/wp-content\/uploads\/2025\/10\/a_meublement_Montage-350x399.jpg 350w, https:\/\/www.carolefekete.com\/wp-content\/uploads\/2025\/10\/a_meublement_Montage-480x548.jpg 480w\" sizes=\"auto, (max-width: 1920px) 100vw, 1920px\" \/><\/figure>\n\n\n\n<p>Vues de l&rsquo;exposition avec&nbsp;Franz H\u00f6fner, Hisae Ikenaga, Marie Legros, Ori Levin, Yo Ota, Gert Robijns, Jean-Christophe Roelens, R\u00e9mi Uch\u00e9da, Marie-France Uzac, Jacques Vieille<\/p>\n\n\n\n<p>Talking about the TV sets that were in most American homes at the beginning of the 60s, Vito Acconci stated in a text written in 1964 that the domestic space welcomed into it a special type of furniture, one that had no practical role ; the TV canot be used as a piece of furniture; it can only be watched.\u00a0It therefore has the useless function that is traditionally given to a work of art, and has taken the place of a specific piece of furniture, the place of a sculpture.<br>The word \"furniture\" is by definition anything that is not \"immoveable\" in other words anything that can be displaced. The displacement in this case is relevant for anything that can be moved, but also can change its use.\u00a0What becomes of an object that loses its function?\u00a0Beyond the ready-made, the furniture of our everyday existence can become not so much obsolete but also power-less. Having lost their place, useless, they are part of a new imaginary to which the space of everyday life becomes subverted.\u00a0Good-bye to comfort, to practicality, to easiness.\u00a0Our everyday world becomes an \"ex-world\" a souvenir, a trace<em>. Patrick Nardin<\/em><\/p>\n\n\n\n<div style=\"height:2em\" aria-hidden=\"true\" class=\"wp-block-spacer\"><\/div>\n\n\n\n<figure class=\"wp-block-image size-full\"><img loading=\"lazy\" decoding=\"async\" width=\"1920\" height=\"1257\" src=\"https:\/\/www.carolefekete.com\/wp-content\/uploads\/2025\/10\/Torchons_Montage_1920.jpg\" alt=\"\" class=\"wp-image-2066\" srcset=\"https:\/\/www.carolefekete.com\/wp-content\/uploads\/2025\/10\/Torchons_Montage_1920.jpg 1920w, https:\/\/www.carolefekete.com\/wp-content\/uploads\/2025\/10\/Torchons_Montage_1920-300x196.jpg 300w, https:\/\/www.carolefekete.com\/wp-content\/uploads\/2025\/10\/Torchons_Montage_1920-1024x670.jpg 1024w, https:\/\/www.carolefekete.com\/wp-content\/uploads\/2025\/10\/Torchons_Montage_1920-768x503.jpg 768w, https:\/\/www.carolefekete.com\/wp-content\/uploads\/2025\/10\/Torchons_Montage_1920-1536x1006.jpg 1536w, https:\/\/www.carolefekete.com\/wp-content\/uploads\/2025\/10\/Torchons_Montage_1920-18x12.jpg 18w, https:\/\/www.carolefekete.com\/wp-content\/uploads\/2025\/10\/Torchons_Montage_1920-1000x655.jpg 1000w, https:\/\/www.carolefekete.com\/wp-content\/uploads\/2025\/10\/Torchons_Montage_1920-230x151.jpg 230w, https:\/\/www.carolefekete.com\/wp-content\/uploads\/2025\/10\/Torchons_Montage_1920-350x229.jpg 350w, https:\/\/www.carolefekete.com\/wp-content\/uploads\/2025\/10\/Torchons_Montage_1920-480x314.jpg 480w\" sizes=\"auto, (max-width: 1920px) 100vw, 1920px\" \/><\/figure>\n\n\n\n<p class=\"translation-block\"><em>Les torchons<\/em>, 2000, series of 8 analog photographs, 77 x 61 cm<\/p>\n\n\n\n<p class=\"translation-block\">My first project done in color, this assortment of dishcloths stemed from a desire to grapple with color perceived in and of itself. <em>The dishcloths<\/em> are at the same time unassuming object and emissaries of an ancient cultural tradition\u00a0: Veronica\u2019s veil or the shroud of Turin are evoked as well as the history of 20<sup>th<\/sup> century abstraction, whether that of Malevitch or of the Supports\/Surface group.<\/p>\n\n\n\n<div style=\"height:2em\" aria-hidden=\"true\" class=\"wp-block-spacer\"><\/div>\n\n\n\n<figure class=\"wp-block-image aligncenter size-large\"><img loading=\"lazy\" decoding=\"async\" width=\"822\" height=\"1024\" src=\"https:\/\/www.carolefekete.com\/wp-content\/uploads\/2025\/10\/Table-copie-2-822x1024.jpg\" alt=\"\" class=\"wp-image-2068\" srcset=\"https:\/\/www.carolefekete.com\/wp-content\/uploads\/2025\/10\/Table-copie-2-822x1024.jpg 822w, https:\/\/www.carolefekete.com\/wp-content\/uploads\/2025\/10\/Table-copie-2-241x300.jpg 241w, https:\/\/www.carolefekete.com\/wp-content\/uploads\/2025\/10\/Table-copie-2-768x957.jpg 768w, https:\/\/www.carolefekete.com\/wp-content\/uploads\/2025\/10\/Table-copie-2-10x12.jpg 10w, https:\/\/www.carolefekete.com\/wp-content\/uploads\/2025\/10\/Table-copie-2-230x287.jpg 230w, https:\/\/www.carolefekete.com\/wp-content\/uploads\/2025\/10\/Table-copie-2-350x436.jpg 350w, https:\/\/www.carolefekete.com\/wp-content\/uploads\/2025\/10\/Table-copie-2-480x598.jpg 480w, https:\/\/www.carolefekete.com\/wp-content\/uploads\/2025\/10\/Table-copie-2.jpg 867w\" sizes=\"auto, (max-width: 822px) 100vw, 822px\" \/><\/figure>\n\n\n\n<p class=\"translation-block\"><em>La table<\/em>, analog photography, 210 x 176 cm<\/p>\n\n\n\n<p>An emblem of family reunions, this table surrounded by its chairs is considered here as a motif. Freed from its function, it can admit other representations, other images, which can echo each other in the free-play of association or analogy.<\/p>\n\n\n\n<div style=\"height:2em\" aria-hidden=\"true\" class=\"wp-block-spacer\"><\/div>\n\n\n\n<figure class=\"wp-block-image aligncenter size-full\"><img loading=\"lazy\" decoding=\"async\" width=\"1920\" height=\"1399\" src=\"https:\/\/www.carolefekete.com\/wp-content\/uploads\/2025\/10\/Fauteuils_Montage_1920.jpg\" alt=\"\" class=\"wp-image-2069\" srcset=\"https:\/\/www.carolefekete.com\/wp-content\/uploads\/2025\/10\/Fauteuils_Montage_1920.jpg 1920w, https:\/\/www.carolefekete.com\/wp-content\/uploads\/2025\/10\/Fauteuils_Montage_1920-300x219.jpg 300w, https:\/\/www.carolefekete.com\/wp-content\/uploads\/2025\/10\/Fauteuils_Montage_1920-1024x746.jpg 1024w, https:\/\/www.carolefekete.com\/wp-content\/uploads\/2025\/10\/Fauteuils_Montage_1920-768x560.jpg 768w, https:\/\/www.carolefekete.com\/wp-content\/uploads\/2025\/10\/Fauteuils_Montage_1920-1536x1119.jpg 1536w, https:\/\/www.carolefekete.com\/wp-content\/uploads\/2025\/10\/Fauteuils_Montage_1920-16x12.jpg 16w, https:\/\/www.carolefekete.com\/wp-content\/uploads\/2025\/10\/Fauteuils_Montage_1920-1000x729.jpg 1000w, https:\/\/www.carolefekete.com\/wp-content\/uploads\/2025\/10\/Fauteuils_Montage_1920-550x400.jpg 550w, https:\/\/www.carolefekete.com\/wp-content\/uploads\/2025\/10\/Fauteuils_Montage_1920-230x168.jpg 230w, https:\/\/www.carolefekete.com\/wp-content\/uploads\/2025\/10\/Fauteuils_Montage_1920-350x255.jpg 350w, https:\/\/www.carolefekete.com\/wp-content\/uploads\/2025\/10\/Fauteuils_Montage_1920-480x350.jpg 480w\" sizes=\"auto, (max-width: 1920px) 100vw, 1920px\" \/><\/figure>\n\n\n\n<p class=\"translation-block\"><em>Pension Anatoli Vassiliev<\/em>, 4 analog photographs, 120 x 160 cm each<\/p>\n\n\n\n<p>Props, dramatic backdrop, this set of armchairs, upholstered in a floral fabric which matches the curtains and offers an imitation of middle-class comfort, was the center piece of the common room of four neighbouring bedrooms in a Moscow pension in 2001. This closed-off white cube, deprived of perspectives or openings, is reminiscent of a beckettian world whose irony is mitigated by the use of black and white which refuses to stress the gaudy colors of the room\u2019s surfaces.<\/p>\n\n\n\n<p><\/p>","protected":false},"excerpt":{"rendered":"<p>a_meublements, exposition du 15 juin au 15 octobre 2018, Centre d&rsquo;art Faux Mouvement, Metz Vues de l&rsquo;exposition avec&nbsp;Franz H\u00f6fner, Hisae Ikenaga, Marie Legros, Ori Levin, Yo Ota, Gert Robijns, Jean-Christophe Roelens, R\u00e9mi Uch\u00e9da, Marie-France Uzac, Jacques Vieille Parlant du t\u00e9l\u00e9viseur install\u00e9 dans la plupart des foyers am\u00e9ricains au tournant des ann\u00e9es 1960, Vito Acconci faisait [&hellip;]<\/p>","protected":false},"author":1,"featured_media":0,"parent":0,"menu_order":0,"comment_status":"closed","ping_status":"closed","template":"","meta":{"advanced_seo_description":"","jetpack_seo_html_title":"","jetpack_seo_noindex":false,"footnotes":""},"class_list":["post-1955","page","type-page","status-publish","hentry"],"jetpack_sharing_enabled":true,"_links":{"self":[{"href":"https:\/\/www.carolefekete.com\/en\/wp-json\/wp\/v2\/pages\/1955","targetHints":{"allow":["GET"]}}],"collection":[{"href":"https:\/\/www.carolefekete.com\/en\/wp-json\/wp\/v2\/pages"}],"about":[{"href":"https:\/\/www.carolefekete.com\/en\/wp-json\/wp\/v2\/types\/page"}],"author":[{"embeddable":true,"href":"https:\/\/www.carolefekete.com\/en\/wp-json\/wp\/v2\/users\/1"}],"replies":[{"embeddable":true,"href":"https:\/\/www.carolefekete.com\/en\/wp-json\/wp\/v2\/comments?post=1955"}],"version-history":[{"count":14,"href":"https:\/\/www.carolefekete.com\/en\/wp-json\/wp\/v2\/pages\/1955\/revisions"}],"predecessor-version":[{"id":2163,"href":"https:\/\/www.carolefekete.com\/en\/wp-json\/wp\/v2\/pages\/1955\/revisions\/2163"}],"wp:attachment":[{"href":"https:\/\/www.carolefekete.com\/en\/wp-json\/wp\/v2\/media?parent=1955"}],"curies":[{"name":"wp","href":"https:\/\/api.w.org\/{rel}","templated":true}]}}