
{"id":1853,"date":"2025-07-04T15:53:24","date_gmt":"2025-07-04T13:53:24","guid":{"rendered":"https:\/\/www.carolefekete.com\/?page_id=1853"},"modified":"2025-07-10T18:51:49","modified_gmt":"2025-07-10T16:51:49","slug":"textes","status":"publish","type":"page","link":"https:\/\/www.carolefekete.com\/en\/textes\/","title":{"rendered":"Textes"},"content":{"rendered":"<div class=\"wp-block-query is-layout-flow wp-block-query-is-layout-flow\"><ul class=\"wp-block-post-template is-layout-flow wp-block-post-template-is-layout-flow\"><li class=\"wp-block-post post-1757 page type-page status-publish hentry\">\n<h2 class=\"has-link-color wp-elements-23ff4f12893191c9b4b424ce1766a4cc wp-block-post-title\"><a href=\"https:\/\/www.carolefekete.com\/en\/textes\/victor-maziere-offrandes-a-la-nuit\/\" target=\"_self\" >Victor Mazi\u00e8re \/ Offrandes \u00e0 la nuit<\/a><\/h2>\n\n<div class=\"has-link-color wp-elements-5ae404fbcabb69db2ec8e1e6e3b2d658 wp-block-post-excerpt\"><p class=\"wp-block-post-excerpt__excerpt\">Texte produit dans le cadre du salon L\u2019antichambre ACTE\u00a02, Une invitation au banquet, H\u00f4tel La Nouvelle R\u00e9publique, Paris, 2020. La photographie, depuis son invention, s\u2019est construite autour d\u2019un paradoxe\u00a0: en gagnant la possibilit\u00e9 de conserver une trace suppos\u00e9ment objective et neutre du r\u00e9el, elle a \u00e9galement forg\u00e9 un lien presque m\u00e9taphysique avec l\u2019appara\u00eetre, o\u00f9 un&hellip; <\/p><\/div>\n<\/li><li class=\"wp-block-post post-1726 page type-page status-publish hentry\">\n<h2 class=\"has-link-color wp-elements-23ff4f12893191c9b4b424ce1766a4cc wp-block-post-title\"><a href=\"https:\/\/www.carolefekete.com\/en\/textes\/philippe-alain-michaud-ce-qui-reste\/\" target=\"_self\" >Philippe-Alain Michaud \/ Ce qui reste<\/a><\/h2>\n\n<div class=\"has-link-color wp-elements-5ae404fbcabb69db2ec8e1e6e3b2d658 wp-block-post-excerpt\"><p class=\"wp-block-post-excerpt__excerpt\">Texte en pr\u00e9face de la monographie, Carole F\u00e9k\u00e9t\u00e9, Ce qui reste, \u00c9ditions Biffures, 2010. Les chr\u00e9tiens n\u2019ont pas invent\u00e9 le culte des images mais celui des figures de surface, c\u2019est-\u00e0-dire des repr\u00e9sentations associant pr\u00e9sence et bidimensionnalit\u00e9. \u00c0 partir du Ve\u00a0si\u00e8cle, la grande mont\u00e9e de l\u2019adoration des images qui affecte l\u2019ensemble du monde chr\u00e9tien, port\u00e9e par&hellip; <\/p><\/div>\n<\/li><li class=\"wp-block-post post-1845 page type-page status-publish hentry\">\n<h2 class=\"has-link-color wp-elements-23ff4f12893191c9b4b424ce1766a4cc wp-block-post-title\"><a href=\"https:\/\/www.carolefekete.com\/en\/textes\/michel-poivert-carole-fekete-la-devotion-et-la-reproduction\/\" target=\"_self\" >Michel Poivert \/ Carole F\u00e9k\u00e9t\u00e9: la d\u00e9votion et la reproduction<\/a><\/h2>\n\n<div class=\"has-link-color wp-elements-5ae404fbcabb69db2ec8e1e6e3b2d658 wp-block-post-excerpt\"><p class=\"wp-block-post-excerpt__excerpt\">Vite Vu, Le blog de la soci\u00e9t\u00e9 fran\u00e7aise de photographie (30\/11\/2007). De retour de Madrid o\u00f9 elle fut pensionnaire deux ann\u00e9es durant, Carole F\u00e9k\u00e9t\u00e9 ram\u00e8ne un travail fortement marqu\u00e9 par les pratiques religieuses et surtout leurs mises en sc\u00e8nes. Dans le cadre de l\u2019exposition organis\u00e9e \u00e0 l\u2019issue du s\u00e9jour espagnol, on d\u00e9couvre ainsi un ensemble&hellip; <\/p><\/div>\n<\/li><li class=\"wp-block-post post-1697 page type-page status-publish hentry\">\n<h2 class=\"has-link-color wp-elements-23ff4f12893191c9b4b424ce1766a4cc wp-block-post-title\"><a href=\"https:\/\/www.carolefekete.com\/en\/textes\/helene-beauchamp-le-singe-et-les-statues\/\" target=\"_self\" >H\u00e9l\u00e8ne Beauchamp \/ Le singe et les statues<\/a><\/h2>\n\n<div class=\"has-link-color wp-elements-5ae404fbcabb69db2ec8e1e6e3b2d658 wp-block-post-excerpt\"><p class=\"wp-block-post-excerpt__excerpt\">Septembre de la photographie, Des corps dans la ville,\u00a0La BF15, Lyon, 2006. Carole F\u00e9k\u00e9t\u00e9 a photographi\u00e9 une s\u00e9rie de sept sujets retir\u00e9s dans les jardins d\u2019hiver du ch\u00e2teau de Versailles. L\u2019ironie de cette imposante confrontation commence, justement, avec le sujet, ou l\u2019objet de l\u2019image, qui se refuse souverainement au regard. Il est d\u2019usage que la&hellip; <\/p><\/div>\n<\/li><li class=\"wp-block-post post-1704 page type-page status-publish hentry\">\n<h2 class=\"has-link-color wp-elements-23ff4f12893191c9b4b424ce1766a4cc wp-block-post-title\"><a href=\"https:\/\/www.carolefekete.com\/en\/textes\/carole-fekete-le-singe\/\" target=\"_self\" >Carole F\u00e9k\u00e9t\u00e9 \/ Le singe<\/a><\/h2>\n\n<div class=\"has-link-color wp-elements-5ae404fbcabb69db2ec8e1e6e3b2d658 wp-block-post-excerpt\"><p class=\"wp-block-post-excerpt__excerpt\">Texte publi\u00e9 dans La lettre mensuelle de l\u2019\u00c9cole de la Cause freudienne, \u00ab\u00a0Trauma, Bonnes et mauvaises rencontres avec le r\u00e9el\u00a0\u00bb, no43, \u00e9dition num\u00e9rique, sept.-oct. 2013. Quatre photographies successives d\u00e9clinent le portrait d\u2019un singe derri\u00e8re la paroi en verre d\u2019un enclos de m\u00e9nagerie. La vitre couverte de traces de pluie et de doigts mat\u00e9rialise la surface&hellip; <\/p><\/div>\n<\/li><li class=\"wp-block-post post-1745 page type-page status-publish hentry\">\n<h2 class=\"has-link-color wp-elements-23ff4f12893191c9b4b424ce1766a4cc wp-block-post-title\"><a href=\"https:\/\/www.carolefekete.com\/en\/textes\/pauline-de-laboulaye-pension-anatoli-vassiliev-moscou-2001\/\" target=\"_self\" >Pauline de\u00a0Laboulaye \/ Pension Anatoli Vassiliev<\/a><\/h2>\n\n<div class=\"has-link-color wp-elements-5ae404fbcabb69db2ec8e1e6e3b2d658 wp-block-post-excerpt\"><p class=\"wp-block-post-excerpt__excerpt\">Fondation Guerlain, catalogue de l&rsquo;exposition La vie secr\u00e8te des choses, Les Mesnul, 2004. Au cours d\u2019un s\u00e9jour \u00e0 Moscou en 2000, Carole F\u00e9k\u00e9t\u00e9 d\u00e9couvre les quatre chambres de la pension du th\u00e9\u00e2tre Anatoli Vassiliev o\u00f9 elle r\u00e9side. Elle est touch\u00e9e par leur d\u00e9cor o\u00f9 le temps semble suspendu dans un pass\u00e9 ind\u00e9termin\u00e9, \u00e0 la fois&hellip; <\/p><\/div>\n<\/li><li class=\"wp-block-post post-1721 page type-page status-publish hentry\">\n<h2 class=\"has-link-color wp-elements-23ff4f12893191c9b4b424ce1766a4cc wp-block-post-title\"><a href=\"https:\/\/www.carolefekete.com\/en\/textes\/michel-poivert-autoportraits-en-pierrot\/\" target=\"_self\" >Michel Poivert \/ Autoportraits en Pierrot<\/a><\/h2>\n\n<div class=\"has-link-color wp-elements-5ae404fbcabb69db2ec8e1e6e3b2d658 wp-block-post-excerpt\"><p class=\"wp-block-post-excerpt__excerpt\">Septembre de la photographie, La r\u00e9gion humaine, Des corps dans la ville, Lyon, 2006.\u00a0 La s\u00e9rie des Autoportraits en Pierrot de Carole F\u00e9k\u00e9t\u00e9 s\u2019inscrit dans une longue tradition o\u00f9 l\u2019artiste moderne interroge sa propre identit\u00e9. \u00c0 la fois dr\u00f4le et inqui\u00e9tant, le Pierrot qui peut aussi s\u2019apparenter \u00e0 la figure du clown est la forme&hellip; <\/p><\/div>\n<\/li><li class=\"wp-block-post post-1658 page type-page status-publish hentry\">\n<h2 class=\"has-link-color wp-elements-23ff4f12893191c9b4b424ce1766a4cc wp-block-post-title\"><a href=\"https:\/\/www.carolefekete.com\/en\/textes\/utsukushii-lechelle-inversee-de-la-miniature\/\" target=\"_self\" >Jean-Michel Ribettes \/ Carole F\u00e9k\u00e9t\u00e9, Actes Sud \/ Fondation CCF pour la photographie<\/a><\/h2>\n\n<div class=\"has-link-color wp-elements-5ae404fbcabb69db2ec8e1e6e3b2d658 wp-block-post-excerpt\"><p class=\"wp-block-post-excerpt__excerpt\">Texte paru dans la monographie Carole F\u00e9k\u00e9t\u00e9, Actes Sud \/ Fondation CCF pour la photographie, 2000. Utsukushii&nbsp;: l\u2019\u00e9chelle invers\u00e9e de la miniature Utsukushii est le mot qui exprime en japonais le sentiment du beau. Loin de la notion d&rsquo;id\u00e9al d\u00e9termin\u00e9e par notre esth\u00e9tique platonicienne, dans laquelle le beau ne se con\u00e7oit pas en dehors d&rsquo;une&hellip; <\/p><\/div>\n<\/li><\/ul>\n\n\n\n<\/div>","protected":false},"excerpt":{"rendered":"","protected":false},"author":1,"featured_media":0,"parent":0,"menu_order":0,"comment_status":"closed","ping_status":"closed","template":"","meta":{"advanced_seo_description":"","jetpack_seo_html_title":"","jetpack_seo_noindex":false,"footnotes":""},"class_list":["post-1853","page","type-page","status-publish","hentry"],"jetpack_sharing_enabled":true,"_links":{"self":[{"href":"https:\/\/www.carolefekete.com\/en\/wp-json\/wp\/v2\/pages\/1853","targetHints":{"allow":["GET"]}}],"collection":[{"href":"https:\/\/www.carolefekete.com\/en\/wp-json\/wp\/v2\/pages"}],"about":[{"href":"https:\/\/www.carolefekete.com\/en\/wp-json\/wp\/v2\/types\/page"}],"author":[{"embeddable":true,"href":"https:\/\/www.carolefekete.com\/en\/wp-json\/wp\/v2\/users\/1"}],"replies":[{"embeddable":true,"href":"https:\/\/www.carolefekete.com\/en\/wp-json\/wp\/v2\/comments?post=1853"}],"version-history":[{"count":6,"href":"https:\/\/www.carolefekete.com\/en\/wp-json\/wp\/v2\/pages\/1853\/revisions"}],"predecessor-version":[{"id":1924,"href":"https:\/\/www.carolefekete.com\/en\/wp-json\/wp\/v2\/pages\/1853\/revisions\/1924"}],"wp:attachment":[{"href":"https:\/\/www.carolefekete.com\/en\/wp-json\/wp\/v2\/media?parent=1853"}],"curies":[{"name":"wp","href":"https:\/\/api.w.org\/{rel}","templated":true}]}}