
{"id":1697,"date":"2025-06-17T15:25:07","date_gmt":"2025-06-17T13:25:07","guid":{"rendered":"https:\/\/www.carolefekete.com\/?page_id=1697"},"modified":"2025-07-10T18:59:22","modified_gmt":"2025-07-10T16:59:22","slug":"helene-beauchamp-le-singe-et-les-statues","status":"publish","type":"page","link":"https:\/\/www.carolefekete.com\/en\/textes\/helene-beauchamp-le-singe-et-les-statues\/","title":{"rendered":"H\u00e9l\u00e8ne Beauchamp \/ Le singe et les statues"},"content":{"rendered":"<p>Septembre de la photographie, <em>Des corps dans la ville<\/em>,&nbsp;La BF15, Lyon, 2006.<\/p>\n\n\n\n<p>Carole F\u00e9k\u00e9t\u00e9 a photographi\u00e9 une s\u00e9rie de sept sujets retir\u00e9s dans les jardins d\u2019hiver du ch\u00e2teau de Versailles. L\u2019ironie de cette imposante confrontation commence, justement, avec le sujet, ou l\u2019objet de l\u2019image, qui se refuse souverainement au regard. Il est d\u2019usage que la photographie nous intime de regarder le monde, nous rappelle \u00e0 l\u2019autre et \u00e0 l\u2019artiste qui nous les r\u00e9v\u00e8le. L\u2019image nous pose ici au contraire devant l\u2019\u00e9nigme d\u2019un camouflage, et nous propose, semble-t-il, de pr\u00eater l\u2019oreille au vacarme int\u00e9rieur qui habite la conscience des muets ou des simples d\u2019esprit. Les sujets, fich\u00e9s en terre comme des pions d\u2019\u00e9chec d\u00e9mesur\u00e9s, imposent leur immobilit\u00e9. Autour d\u2019eux, aucune anecdote, mais le tissage artificiel des feuillages hivernaux, retravaill\u00e9s pour offrir aux statues un fond de tapisserie sobre et raffin\u00e9. Chaque sujet pose dans ce cadre choisi et destin\u00e9 \u00e0 le mettre en valeur, s\u2019imaginant peut-\u00eatre incarner la Beaut\u00e9 baudelairienne\u00a0: \u00ab\u2009Je suis belle, \u00f4, mortels, comme un r\u00eave de pierre\u2026\u2009\u00bb. Devant l\u2019\u00e9vidence d\u00e9risoire de la b\u00e2che rapi\u00e9c\u00e9e, tenue par des ficelles attach\u00e9es \u00e0 la va-vite pour l\u2019emp\u00eacher de battre au vent, le r\u00eave de pierre chute de son pi\u00e9destal. On dirait bien, d\u2019ailleurs, que certaines d\u2019entre elles sont pr\u00eates \u00e0 vaciller. Leur air de d\u00e9fi tourne \u00e0 la farce, c\u2019est Versailles qui se n\u00e9glige, avec ses comtesses de pacotille, qui, comme des actrices de boulevard, rev\u00eatent chaque saison le costume \u00e9lim\u00e9 de Madame ou de Lisette pour donner leur petite sc\u00e8ne de th\u00e9\u00e2tre. L\u2019objectif semble les avoir surprises en plein jeu, dans des postures d\u00e9sinvoltes, jouant de leurs angles et de leurs rondeurs, exhibant les drap\u00e9s de leurs parures, capables de braver toutes les intemp\u00e9ries. La lumi\u00e8re n\u2019est pas celle du th\u00e9\u00e2tre. C\u2019est celle, assez douce, du gris parisien. Celle d\u2019un jour o\u00f9 revient la m\u00e9lancolie et la tr\u00e8s grande solitude. La parade passe, on s\u2019interroge sur ces figures fatigu\u00e9es de la station debout, attach\u00e9es et asphyxi\u00e9es, on se demande si lorsque l\u2019une d\u2019entre elles semble lever le bras, c\u2019est par jeu, par d\u00e9fi ou dans un geste d\u2019horreur. On pense \u00e0 Faulkner, qui r\u00e9v\u00e9la un jour le bruit et la fureur d\u2019une \u00e2me fig\u00e9e dans l\u2019angoisse. Carole F\u00e9k\u00e9t\u00e9 propose \u00e0 qui s\u2019en laisse conter par ces colosses b\u00e2ch\u00e9s pour l\u2019hiver une rencontre privil\u00e9gi\u00e9e avec la vie instable d\u2019une humanit\u00e9 dont on aurait pu oublier, \u00e0 trop vouloir nous la montrer, la d\u00e9licate profondeur.<\/p>\n\n\n\n<figure class=\"wp-block-image size-large\"><img loading=\"lazy\" decoding=\"async\" width=\"1024\" height=\"372\" src=\"https:\/\/www.carolefekete.com\/wp-content\/uploads\/2025\/07\/Montage_Site_BD-1024x372.jpg\" alt=\"\" class=\"wp-image-1917\" srcset=\"https:\/\/www.carolefekete.com\/wp-content\/uploads\/2025\/07\/Montage_Site_BD-1024x372.jpg 1024w, https:\/\/www.carolefekete.com\/wp-content\/uploads\/2025\/07\/Montage_Site_BD-300x109.jpg 300w, https:\/\/www.carolefekete.com\/wp-content\/uploads\/2025\/07\/Montage_Site_BD-768x279.jpg 768w, https:\/\/www.carolefekete.com\/wp-content\/uploads\/2025\/07\/Montage_Site_BD-1536x558.jpg 1536w, https:\/\/www.carolefekete.com\/wp-content\/uploads\/2025\/07\/Montage_Site_BD-18x7.jpg 18w, https:\/\/www.carolefekete.com\/wp-content\/uploads\/2025\/07\/Montage_Site_BD-1000x363.jpg 1000w, https:\/\/www.carolefekete.com\/wp-content\/uploads\/2025\/07\/Montage_Site_BD-230x83.jpg 230w, https:\/\/www.carolefekete.com\/wp-content\/uploads\/2025\/07\/Montage_Site_BD-350x127.jpg 350w, https:\/\/www.carolefekete.com\/wp-content\/uploads\/2025\/07\/Montage_Site_BD-480x174.jpg 480w, https:\/\/www.carolefekete.com\/wp-content\/uploads\/2025\/07\/Montage_Site_BD.jpg 1920w\" sizes=\"auto, (max-width: 1024px) 100vw, 1024px\" \/><figcaption class=\"wp-element-caption\">Vues de l\u2019exposition \u00e0 la BF15, Lyon, 2006<\/figcaption><\/figure>","protected":false},"excerpt":{"rendered":"<p>Septembre de la photographie, Des corps dans la ville,\u00a0La BF15, Lyon, 2006. Carole F\u00e9k\u00e9t\u00e9 a photographi\u00e9 une s\u00e9rie de sept sujets retir\u00e9s dans les jardins d\u2019hiver du ch\u00e2teau de Versailles. L\u2019ironie de cette imposante confrontation commence, justement, avec le sujet, ou l\u2019objet de l\u2019image, qui se refuse souverainement au regard. Il est d\u2019usage que la photographie nous intime de regarder le monde, nous rappelle \u00e0 l\u2019autre et \u00e0 l\u2019artiste qui nous les r\u00e9v\u00e8le.<\/p>","protected":false},"author":2,"featured_media":0,"parent":1853,"menu_order":0,"comment_status":"closed","ping_status":"closed","template":"","meta":{"advanced_seo_description":"","jetpack_seo_html_title":"","jetpack_seo_noindex":false,"footnotes":""},"class_list":["post-1697","page","type-page","status-publish","hentry"],"jetpack_sharing_enabled":true,"_links":{"self":[{"href":"https:\/\/www.carolefekete.com\/en\/wp-json\/wp\/v2\/pages\/1697","targetHints":{"allow":["GET"]}}],"collection":[{"href":"https:\/\/www.carolefekete.com\/en\/wp-json\/wp\/v2\/pages"}],"about":[{"href":"https:\/\/www.carolefekete.com\/en\/wp-json\/wp\/v2\/types\/page"}],"author":[{"embeddable":true,"href":"https:\/\/www.carolefekete.com\/en\/wp-json\/wp\/v2\/users\/2"}],"replies":[{"embeddable":true,"href":"https:\/\/www.carolefekete.com\/en\/wp-json\/wp\/v2\/comments?post=1697"}],"version-history":[{"count":11,"href":"https:\/\/www.carolefekete.com\/en\/wp-json\/wp\/v2\/pages\/1697\/revisions"}],"predecessor-version":[{"id":1930,"href":"https:\/\/www.carolefekete.com\/en\/wp-json\/wp\/v2\/pages\/1697\/revisions\/1930"}],"up":[{"embeddable":true,"href":"https:\/\/www.carolefekete.com\/en\/wp-json\/wp\/v2\/pages\/1853"}],"wp:attachment":[{"href":"https:\/\/www.carolefekete.com\/en\/wp-json\/wp\/v2\/media?parent=1697"}],"curies":[{"name":"wp","href":"https:\/\/api.w.org\/{rel}","templated":true}]}}