
{"id":1221,"date":"2022-09-29T11:07:04","date_gmt":"2022-09-29T09:07:04","guid":{"rendered":"https:\/\/www.carolefekete.com\/?page_id=1221"},"modified":"2025-12-03T11:22:00","modified_gmt":"2025-12-03T10:22:00","slug":"lherbier-de-a-a-z","status":"publish","type":"page","link":"https:\/\/www.carolefekete.com\/en\/lherbier-de-a-a-z\/","title":{"rendered":"L\u2019herbier de A \u00e0 Z"},"content":{"rendered":"<p>Ce dictionnaire est un objet trouv\u00e9. Il contenait un \u00e9chantillonnage d\u2019environ 70 sp\u00e9cimens de fleurs soigneusement s\u00e9ch\u00e9es entre ses pages. Pr\u00e9sent\u00e9es dans l\u2019ordre de leur apparition au sein de l\u2019alphabet, les planches de l\u2019herbier se combinent \u00e0 la logique du dictionnaire et \u00e0 son usage. Entre observation et fl\u00e2nerie, la pr\u00e9sence des fleurs s\u2019associe aux mots et aux illustrations en s\u2019intercalant librement \u00e0 l\u2019index du volume encyclop\u00e9dique.&nbsp;<\/p>\n\n\n\n<div class=\"wp-block-jetpack-slideshow aligncenter\" data-autoplay=\"true\" data-delay=\"4\" data-effect=\"slide\"><div class=\"wp-block-jetpack-slideshow_container swiper\"><ul class=\"wp-block-jetpack-slideshow_swiper-wrapper swiper-wrapper\"><li class=\"wp-block-jetpack-slideshow_slide swiper-slide\"><figure><img loading=\"lazy\" decoding=\"async\" width=\"765\" height=\"510\" alt=\"\" class=\"wp-block-jetpack-slideshow_image wp-image-1238\" data-id=\"1238\" src=\"https:\/\/www.carolefekete.com\/wp-content\/uploads\/2022\/09\/014.jpg\" srcset=\"https:\/\/www.carolefekete.com\/wp-content\/uploads\/2022\/09\/014.jpg 765w, https:\/\/www.carolefekete.com\/wp-content\/uploads\/2022\/09\/014-300x200.jpg 300w, https:\/\/www.carolefekete.com\/wp-content\/uploads\/2022\/09\/014-18x12.jpg 18w, https:\/\/www.carolefekete.com\/wp-content\/uploads\/2022\/09\/014-230x153.jpg 230w, https:\/\/www.carolefekete.com\/wp-content\/uploads\/2022\/09\/014-350x233.jpg 350w, https:\/\/www.carolefekete.com\/wp-content\/uploads\/2022\/09\/014-480x320.jpg 480w\" sizes=\"(max-width: 765px) 100vw, 765px\" \/><\/figure><\/li><li class=\"wp-block-jetpack-slideshow_slide swiper-slide\"><figure><img loading=\"lazy\" decoding=\"async\" width=\"765\" height=\"510\" alt=\"\" class=\"wp-block-jetpack-slideshow_image wp-image-1237\" data-id=\"1237\" src=\"https:\/\/www.carolefekete.com\/wp-content\/uploads\/2022\/09\/013.jpg\" srcset=\"https:\/\/www.carolefekete.com\/wp-content\/uploads\/2022\/09\/013.jpg 765w, https:\/\/www.carolefekete.com\/wp-content\/uploads\/2022\/09\/013-300x200.jpg 300w, https:\/\/www.carolefekete.com\/wp-content\/uploads\/2022\/09\/013-18x12.jpg 18w, https:\/\/www.carolefekete.com\/wp-content\/uploads\/2022\/09\/013-230x153.jpg 230w, https:\/\/www.carolefekete.com\/wp-content\/uploads\/2022\/09\/013-350x233.jpg 350w, https:\/\/www.carolefekete.com\/wp-content\/uploads\/2022\/09\/013-480x320.jpg 480w\" sizes=\"(max-width: 765px) 100vw, 765px\" \/><\/figure><\/li><li class=\"wp-block-jetpack-slideshow_slide swiper-slide\"><figure><img loading=\"lazy\" decoding=\"async\" width=\"765\" height=\"510\" alt=\"\" class=\"wp-block-jetpack-slideshow_image wp-image-1236\" data-id=\"1236\" src=\"https:\/\/www.carolefekete.com\/wp-content\/uploads\/2022\/09\/012.jpg\" srcset=\"https:\/\/www.carolefekete.com\/wp-content\/uploads\/2022\/09\/012.jpg 765w, https:\/\/www.carolefekete.com\/wp-content\/uploads\/2022\/09\/012-300x200.jpg 300w, https:\/\/www.carolefekete.com\/wp-content\/uploads\/2022\/09\/012-18x12.jpg 18w, https:\/\/www.carolefekete.com\/wp-content\/uploads\/2022\/09\/012-230x153.jpg 230w, https:\/\/www.carolefekete.com\/wp-content\/uploads\/2022\/09\/012-350x233.jpg 350w, https:\/\/www.carolefekete.com\/wp-content\/uploads\/2022\/09\/012-480x320.jpg 480w\" sizes=\"(max-width: 765px) 100vw, 765px\" \/><\/figure><\/li><li class=\"wp-block-jetpack-slideshow_slide swiper-slide\"><figure><img loading=\"lazy\" decoding=\"async\" width=\"765\" height=\"510\" alt=\"\" class=\"wp-block-jetpack-slideshow_image wp-image-1235\" data-id=\"1235\" src=\"https:\/\/www.carolefekete.com\/wp-content\/uploads\/2022\/09\/011.jpg\" srcset=\"https:\/\/www.carolefekete.com\/wp-content\/uploads\/2022\/09\/011.jpg 765w, https:\/\/www.carolefekete.com\/wp-content\/uploads\/2022\/09\/011-300x200.jpg 300w, https:\/\/www.carolefekete.com\/wp-content\/uploads\/2022\/09\/011-18x12.jpg 18w, https:\/\/www.carolefekete.com\/wp-content\/uploads\/2022\/09\/011-230x153.jpg 230w, https:\/\/www.carolefekete.com\/wp-content\/uploads\/2022\/09\/011-350x233.jpg 350w, https:\/\/www.carolefekete.com\/wp-content\/uploads\/2022\/09\/011-480x320.jpg 480w\" sizes=\"(max-width: 765px) 100vw, 765px\" \/><\/figure><\/li><li class=\"wp-block-jetpack-slideshow_slide swiper-slide\"><figure><img loading=\"lazy\" decoding=\"async\" width=\"765\" height=\"510\" alt=\"\" class=\"wp-block-jetpack-slideshow_image wp-image-1234\" data-id=\"1234\" src=\"https:\/\/www.carolefekete.com\/wp-content\/uploads\/2022\/09\/010b.jpg\" srcset=\"https:\/\/www.carolefekete.com\/wp-content\/uploads\/2022\/09\/010b.jpg 765w, https:\/\/www.carolefekete.com\/wp-content\/uploads\/2022\/09\/010b-300x200.jpg 300w, https:\/\/www.carolefekete.com\/wp-content\/uploads\/2022\/09\/010b-18x12.jpg 18w, https:\/\/www.carolefekete.com\/wp-content\/uploads\/2022\/09\/010b-230x153.jpg 230w, https:\/\/www.carolefekete.com\/wp-content\/uploads\/2022\/09\/010b-350x233.jpg 350w, https:\/\/www.carolefekete.com\/wp-content\/uploads\/2022\/09\/010b-480x320.jpg 480w\" sizes=\"(max-width: 765px) 100vw, 765px\" \/><\/figure><\/li><li class=\"wp-block-jetpack-slideshow_slide swiper-slide\"><figure><img loading=\"lazy\" decoding=\"async\" width=\"765\" height=\"511\" alt=\"\" class=\"wp-block-jetpack-slideshow_image wp-image-1233\" data-id=\"1233\" src=\"https:\/\/www.carolefekete.com\/wp-content\/uploads\/2022\/09\/010a.jpg\" srcset=\"https:\/\/www.carolefekete.com\/wp-content\/uploads\/2022\/09\/010a.jpg 765w, https:\/\/www.carolefekete.com\/wp-content\/uploads\/2022\/09\/010a-300x200.jpg 300w, https:\/\/www.carolefekete.com\/wp-content\/uploads\/2022\/09\/010a-18x12.jpg 18w, https:\/\/www.carolefekete.com\/wp-content\/uploads\/2022\/09\/010a-230x154.jpg 230w, https:\/\/www.carolefekete.com\/wp-content\/uploads\/2022\/09\/010a-350x234.jpg 350w, https:\/\/www.carolefekete.com\/wp-content\/uploads\/2022\/09\/010a-480x321.jpg 480w\" sizes=\"(max-width: 765px) 100vw, 765px\" \/><\/figure><\/li><li class=\"wp-block-jetpack-slideshow_slide swiper-slide\"><figure><img loading=\"lazy\" decoding=\"async\" width=\"765\" height=\"510\" alt=\"\" class=\"wp-block-jetpack-slideshow_image wp-image-1232\" data-id=\"1232\" src=\"https:\/\/www.carolefekete.com\/wp-content\/uploads\/2022\/09\/010.jpg\" srcset=\"https:\/\/www.carolefekete.com\/wp-content\/uploads\/2022\/09\/010.jpg 765w, https:\/\/www.carolefekete.com\/wp-content\/uploads\/2022\/09\/010-300x200.jpg 300w, https:\/\/www.carolefekete.com\/wp-content\/uploads\/2022\/09\/010-18x12.jpg 18w, https:\/\/www.carolefekete.com\/wp-content\/uploads\/2022\/09\/010-230x153.jpg 230w, https:\/\/www.carolefekete.com\/wp-content\/uploads\/2022\/09\/010-350x233.jpg 350w, https:\/\/www.carolefekete.com\/wp-content\/uploads\/2022\/09\/010-480x320.jpg 480w\" sizes=\"(max-width: 765px) 100vw, 765px\" \/><\/figure><\/li><li class=\"wp-block-jetpack-slideshow_slide swiper-slide\"><figure><img loading=\"lazy\" decoding=\"async\" width=\"765\" height=\"510\" alt=\"\" class=\"wp-block-jetpack-slideshow_image wp-image-1231\" data-id=\"1231\" src=\"https:\/\/www.carolefekete.com\/wp-content\/uploads\/2022\/09\/009.jpg\" srcset=\"https:\/\/www.carolefekete.com\/wp-content\/uploads\/2022\/09\/009.jpg 765w, https:\/\/www.carolefekete.com\/wp-content\/uploads\/2022\/09\/009-300x200.jpg 300w, https:\/\/www.carolefekete.com\/wp-content\/uploads\/2022\/09\/009-18x12.jpg 18w, https:\/\/www.carolefekete.com\/wp-content\/uploads\/2022\/09\/009-230x153.jpg 230w, https:\/\/www.carolefekete.com\/wp-content\/uploads\/2022\/09\/009-350x233.jpg 350w, https:\/\/www.carolefekete.com\/wp-content\/uploads\/2022\/09\/009-480x320.jpg 480w\" sizes=\"(max-width: 765px) 100vw, 765px\" \/><\/figure><\/li><li class=\"wp-block-jetpack-slideshow_slide swiper-slide\"><figure><img loading=\"lazy\" decoding=\"async\" width=\"765\" height=\"510\" alt=\"\" class=\"wp-block-jetpack-slideshow_image wp-image-1230\" data-id=\"1230\" src=\"https:\/\/www.carolefekete.com\/wp-content\/uploads\/2022\/09\/008.jpg\" srcset=\"https:\/\/www.carolefekete.com\/wp-content\/uploads\/2022\/09\/008.jpg 765w, https:\/\/www.carolefekete.com\/wp-content\/uploads\/2022\/09\/008-300x200.jpg 300w, https:\/\/www.carolefekete.com\/wp-content\/uploads\/2022\/09\/008-18x12.jpg 18w, https:\/\/www.carolefekete.com\/wp-content\/uploads\/2022\/09\/008-230x153.jpg 230w, https:\/\/www.carolefekete.com\/wp-content\/uploads\/2022\/09\/008-350x233.jpg 350w, https:\/\/www.carolefekete.com\/wp-content\/uploads\/2022\/09\/008-480x320.jpg 480w\" sizes=\"(max-width: 765px) 100vw, 765px\" \/><\/figure><\/li><li class=\"wp-block-jetpack-slideshow_slide swiper-slide\"><figure><img loading=\"lazy\" decoding=\"async\" width=\"765\" height=\"511\" alt=\"\" class=\"wp-block-jetpack-slideshow_image wp-image-1229\" data-id=\"1229\" src=\"https:\/\/www.carolefekete.com\/wp-content\/uploads\/2022\/09\/007a.jpg\" srcset=\"https:\/\/www.carolefekete.com\/wp-content\/uploads\/2022\/09\/007a.jpg 765w, https:\/\/www.carolefekete.com\/wp-content\/uploads\/2022\/09\/007a-300x200.jpg 300w, https:\/\/www.carolefekete.com\/wp-content\/uploads\/2022\/09\/007a-18x12.jpg 18w, https:\/\/www.carolefekete.com\/wp-content\/uploads\/2022\/09\/007a-230x154.jpg 230w, https:\/\/www.carolefekete.com\/wp-content\/uploads\/2022\/09\/007a-350x234.jpg 350w, https:\/\/www.carolefekete.com\/wp-content\/uploads\/2022\/09\/007a-480x321.jpg 480w\" sizes=\"(max-width: 765px) 100vw, 765px\" \/><\/figure><\/li><li class=\"wp-block-jetpack-slideshow_slide swiper-slide\"><figure><img loading=\"lazy\" decoding=\"async\" width=\"765\" height=\"510\" alt=\"\" class=\"wp-block-jetpack-slideshow_image wp-image-1228\" data-id=\"1228\" src=\"https:\/\/www.carolefekete.com\/wp-content\/uploads\/2022\/09\/007.jpg\" srcset=\"https:\/\/www.carolefekete.com\/wp-content\/uploads\/2022\/09\/007.jpg 765w, https:\/\/www.carolefekete.com\/wp-content\/uploads\/2022\/09\/007-300x200.jpg 300w, https:\/\/www.carolefekete.com\/wp-content\/uploads\/2022\/09\/007-18x12.jpg 18w, https:\/\/www.carolefekete.com\/wp-content\/uploads\/2022\/09\/007-230x153.jpg 230w, https:\/\/www.carolefekete.com\/wp-content\/uploads\/2022\/09\/007-350x233.jpg 350w, https:\/\/www.carolefekete.com\/wp-content\/uploads\/2022\/09\/007-480x320.jpg 480w\" sizes=\"(max-width: 765px) 100vw, 765px\" \/><\/figure><\/li><li class=\"wp-block-jetpack-slideshow_slide swiper-slide\"><figure><img loading=\"lazy\" decoding=\"async\" width=\"765\" height=\"510\" alt=\"\" class=\"wp-block-jetpack-slideshow_image wp-image-1227\" data-id=\"1227\" src=\"https:\/\/www.carolefekete.com\/wp-content\/uploads\/2022\/09\/006.jpg\" srcset=\"https:\/\/www.carolefekete.com\/wp-content\/uploads\/2022\/09\/006.jpg 765w, https:\/\/www.carolefekete.com\/wp-content\/uploads\/2022\/09\/006-300x200.jpg 300w, https:\/\/www.carolefekete.com\/wp-content\/uploads\/2022\/09\/006-18x12.jpg 18w, https:\/\/www.carolefekete.com\/wp-content\/uploads\/2022\/09\/006-230x153.jpg 230w, https:\/\/www.carolefekete.com\/wp-content\/uploads\/2022\/09\/006-350x233.jpg 350w, https:\/\/www.carolefekete.com\/wp-content\/uploads\/2022\/09\/006-480x320.jpg 480w\" sizes=\"(max-width: 765px) 100vw, 765px\" \/><\/figure><\/li><li class=\"wp-block-jetpack-slideshow_slide swiper-slide\"><figure><img loading=\"lazy\" decoding=\"async\" width=\"765\" height=\"510\" alt=\"\" class=\"wp-block-jetpack-slideshow_image wp-image-1226\" data-id=\"1226\" src=\"https:\/\/www.carolefekete.com\/wp-content\/uploads\/2022\/09\/005.jpg\" srcset=\"https:\/\/www.carolefekete.com\/wp-content\/uploads\/2022\/09\/005.jpg 765w, https:\/\/www.carolefekete.com\/wp-content\/uploads\/2022\/09\/005-300x200.jpg 300w, https:\/\/www.carolefekete.com\/wp-content\/uploads\/2022\/09\/005-18x12.jpg 18w, https:\/\/www.carolefekete.com\/wp-content\/uploads\/2022\/09\/005-230x153.jpg 230w, https:\/\/www.carolefekete.com\/wp-content\/uploads\/2022\/09\/005-350x233.jpg 350w, https:\/\/www.carolefekete.com\/wp-content\/uploads\/2022\/09\/005-480x320.jpg 480w\" sizes=\"(max-width: 765px) 100vw, 765px\" \/><\/figure><\/li><li class=\"wp-block-jetpack-slideshow_slide swiper-slide\"><figure><img loading=\"lazy\" decoding=\"async\" width=\"765\" height=\"510\" alt=\"\" class=\"wp-block-jetpack-slideshow_image wp-image-1225\" data-id=\"1225\" src=\"https:\/\/www.carolefekete.com\/wp-content\/uploads\/2022\/09\/003.jpg\" srcset=\"https:\/\/www.carolefekete.com\/wp-content\/uploads\/2022\/09\/003.jpg 765w, https:\/\/www.carolefekete.com\/wp-content\/uploads\/2022\/09\/003-300x200.jpg 300w, https:\/\/www.carolefekete.com\/wp-content\/uploads\/2022\/09\/003-18x12.jpg 18w, https:\/\/www.carolefekete.com\/wp-content\/uploads\/2022\/09\/003-230x153.jpg 230w, https:\/\/www.carolefekete.com\/wp-content\/uploads\/2022\/09\/003-350x233.jpg 350w, https:\/\/www.carolefekete.com\/wp-content\/uploads\/2022\/09\/003-480x320.jpg 480w\" sizes=\"(max-width: 765px) 100vw, 765px\" \/><\/figure><\/li><li class=\"wp-block-jetpack-slideshow_slide swiper-slide\"><figure><img loading=\"lazy\" decoding=\"async\" width=\"765\" height=\"510\" alt=\"\" class=\"wp-block-jetpack-slideshow_image wp-image-1224\" data-id=\"1224\" src=\"https:\/\/www.carolefekete.com\/wp-content\/uploads\/2022\/09\/002.jpg\" srcset=\"https:\/\/www.carolefekete.com\/wp-content\/uploads\/2022\/09\/002.jpg 765w, https:\/\/www.carolefekete.com\/wp-content\/uploads\/2022\/09\/002-300x200.jpg 300w, https:\/\/www.carolefekete.com\/wp-content\/uploads\/2022\/09\/002-18x12.jpg 18w, https:\/\/www.carolefekete.com\/wp-content\/uploads\/2022\/09\/002-230x153.jpg 230w, https:\/\/www.carolefekete.com\/wp-content\/uploads\/2022\/09\/002-350x233.jpg 350w, https:\/\/www.carolefekete.com\/wp-content\/uploads\/2022\/09\/002-480x320.jpg 480w\" sizes=\"(max-width: 765px) 100vw, 765px\" \/><\/figure><\/li><li class=\"wp-block-jetpack-slideshow_slide swiper-slide\"><figure><img loading=\"lazy\" decoding=\"async\" width=\"765\" height=\"510\" alt=\"L'herbier de A \u00e0 Z, Carole F\u00e9k\u00e9t\u00e9\" class=\"wp-block-jetpack-slideshow_image wp-image-1223\" data-id=\"1223\" src=\"https:\/\/www.carolefekete.com\/wp-content\/uploads\/2022\/09\/001.jpg\" srcset=\"https:\/\/www.carolefekete.com\/wp-content\/uploads\/2022\/09\/001.jpg 765w, https:\/\/www.carolefekete.com\/wp-content\/uploads\/2022\/09\/001-300x200.jpg 300w, https:\/\/www.carolefekete.com\/wp-content\/uploads\/2022\/09\/001-18x12.jpg 18w, https:\/\/www.carolefekete.com\/wp-content\/uploads\/2022\/09\/001-230x153.jpg 230w, https:\/\/www.carolefekete.com\/wp-content\/uploads\/2022\/09\/001-350x233.jpg 350w, https:\/\/www.carolefekete.com\/wp-content\/uploads\/2022\/09\/001-480x320.jpg 480w\" sizes=\"(max-width: 765px) 100vw, 765px\" \/><\/figure><\/li><\/ul><a class=\"wp-block-jetpack-slideshow_button-prev swiper-button-prev swiper-button-white\" role=\"button\"><\/a><a class=\"wp-block-jetpack-slideshow_button-next swiper-button-next swiper-button-white\" role=\"button\"><\/a><a aria-label=\"Pause Slideshow\" class=\"wp-block-jetpack-slideshow_button-pause\" role=\"button\"><\/a><div class=\"wp-block-jetpack-slideshow_pagination swiper-pagination swiper-pagination-white\"><\/div><\/div><\/div>\n\n\n\n<p>Images anim\u00e9es en boucle, 10\u201928\u2019\u2019, 2015<\/p>\n\n\n\n<div class=\"wp-block-group is-layout-grid wp-container-core-group-is-layout-b757edec wp-block-group-is-layout-grid\">\n<figure class=\"wp-block-image\"><img decoding=\"async\" src=\"https:\/\/www.carolefekete.com\/wp-content\/uploads\/2022\/09\/IMG_6378-web.jpg\" alt=\"\"\/><\/figure>\n<\/div>","protected":false},"excerpt":{"rendered":"<p>Ce dictionnaire est un objet trouv\u00e9. Il contenait un \u00e9chantillonnage d\u2019environ 70 sp\u00e9cimens de fleurs soigneusement s\u00e9ch\u00e9es entre ses pages. Pr\u00e9sent\u00e9es dans l\u2019ordre de leur apparition au sein de l\u2019alphabet, les planches de l\u2019herbier se combinent \u00e0 la logique du dictionnaire et \u00e0 son usage. Entre observation et fl\u00e2nerie, la pr\u00e9sence des fleurs s\u2019associe aux [&hellip;]<\/p>","protected":false},"author":1,"featured_media":0,"parent":0,"menu_order":0,"comment_status":"closed","ping_status":"closed","template":"","meta":{"advanced_seo_description":"","jetpack_seo_html_title":"","jetpack_seo_noindex":false,"footnotes":""},"class_list":["post-1221","page","type-page","status-publish","hentry"],"jetpack_sharing_enabled":true,"_links":{"self":[{"href":"https:\/\/www.carolefekete.com\/en\/wp-json\/wp\/v2\/pages\/1221","targetHints":{"allow":["GET"]}}],"collection":[{"href":"https:\/\/www.carolefekete.com\/en\/wp-json\/wp\/v2\/pages"}],"about":[{"href":"https:\/\/www.carolefekete.com\/en\/wp-json\/wp\/v2\/types\/page"}],"author":[{"embeddable":true,"href":"https:\/\/www.carolefekete.com\/en\/wp-json\/wp\/v2\/users\/1"}],"replies":[{"embeddable":true,"href":"https:\/\/www.carolefekete.com\/en\/wp-json\/wp\/v2\/comments?post=1221"}],"version-history":[{"count":57,"href":"https:\/\/www.carolefekete.com\/en\/wp-json\/wp\/v2\/pages\/1221\/revisions"}],"predecessor-version":[{"id":2162,"href":"https:\/\/www.carolefekete.com\/en\/wp-json\/wp\/v2\/pages\/1221\/revisions\/2162"}],"wp:attachment":[{"href":"https:\/\/www.carolefekete.com\/en\/wp-json\/wp\/v2\/media?parent=1221"}],"curies":[{"name":"wp","href":"https:\/\/api.w.org\/{rel}","templated":true}]}}