
{"id":1201,"date":"2022-09-29T10:53:52","date_gmt":"2022-09-29T08:53:52","guid":{"rendered":"https:\/\/www.carolefekete.com\/?page_id=1201"},"modified":"2025-12-03T11:21:13","modified_gmt":"2025-12-03T10:21:13","slug":"collages-oeuvres-sur-papier","status":"publish","type":"page","link":"https:\/\/www.carolefekete.com\/en\/collages-oeuvres-sur-papier\/","title":{"rendered":"Collages \/ \u0152uvres sur papier"},"content":{"rendered":"<p>Autour de 2017, je mets en place une pratique du collage qui permet \u00e0 la fois de travailler une forme premi\u00e8re de montage et de recycler des images pr\u00e9lev\u00e9es dans une grande diversit\u00e9 de magazines et d\u2019ouvrages. Cette iconographie h\u00e9t\u00e9rog\u00e8ne, de source essentiellement photographique, fait l\u2019objet d\u2019assemblages qui combinent diff\u00e9rents plans de notre r\u00e9alit\u00e9 sensible. La repr\u00e9sentation de l\u2019espace s&rsquo;ouvre \u00e0 des dimensions multiples, les figures et les formes co\u00efncident par del\u00e0 le temps lin\u00e9aire. Avec un soucis de vraisemblance et de coh\u00e9rence dans l\u2019agencement plastique, r\u00e9alit\u00e9 et fiction s\u2019associent pour moduler les formes infinies de l\u2019apparence et de l\u2019illusion.<\/p>\n\n\n\n<div class=\"wp-block-jetpack-tiled-gallery aligncenter is-style-rectangular\"><div class=\"\"><div class=\"tiled-gallery__gallery\"><div class=\"tiled-gallery__row\"><div class=\"tiled-gallery__col\" style=\"flex-basis:33.45432%\"><figure class=\"tiled-gallery__item\"><img decoding=\"async\" srcset=\"https:\/\/i0.wp.com\/www.carolefekete.com\/wp-content\/uploads\/2022\/09\/Kyrie_Eleison_web.jpg?strip=info&#038;w=482&#038;ssl=1 482w\" alt=\"\" data-height=\"634\" data-id=\"1212\" data-link=\"https:\/\/www.carolefekete.com\/collages-oeuvres-sur-papier\/kyrie_eleison_web\/\" data-url=\"https:\/\/www.carolefekete.com\/wp-content\/uploads\/2022\/09\/Kyrie_Eleison_web.jpg\" data-width=\"482\" src=\"https:\/\/i0.wp.com\/www.carolefekete.com\/wp-content\/uploads\/2022\/09\/Kyrie_Eleison_web.jpg?ssl=1\" data-amp-layout=\"responsive\"\/><\/figure><\/div><div class=\"tiled-gallery__col\" style=\"flex-basis:33.50701%\"><figure class=\"tiled-gallery__item\"><img decoding=\"async\" srcset=\"https:\/\/i0.wp.com\/www.carolefekete.com\/wp-content\/uploads\/2022\/09\/Stairway_web.jpg?strip=info&#038;w=482&#038;ssl=1 482w\" alt=\"\" data-height=\"633\" data-id=\"1218\" data-link=\"https:\/\/www.carolefekete.com\/collages-oeuvres-sur-papier\/stairway_web\/\" data-url=\"https:\/\/www.carolefekete.com\/wp-content\/uploads\/2022\/09\/Stairway_web.jpg\" data-width=\"482\" src=\"https:\/\/i0.wp.com\/www.carolefekete.com\/wp-content\/uploads\/2022\/09\/Stairway_web.jpg?ssl=1\" data-amp-layout=\"responsive\"\/><\/figure><\/div><div class=\"tiled-gallery__col\" style=\"flex-basis:33.03867%\"><figure class=\"tiled-gallery__item\"><img decoding=\"async\" srcset=\"https:\/\/i0.wp.com\/www.carolefekete.com\/wp-content\/uploads\/2022\/09\/Gem_web.jpg?strip=info&#038;w=482&#038;ssl=1 482w\" alt=\"\" data-height=\"642\" data-id=\"1210\" data-link=\"https:\/\/www.carolefekete.com\/collages-oeuvres-sur-papier\/gem_web\/\" data-url=\"https:\/\/www.carolefekete.com\/wp-content\/uploads\/2022\/09\/Gem_web.jpg\" data-width=\"482\" src=\"https:\/\/i0.wp.com\/www.carolefekete.com\/wp-content\/uploads\/2022\/09\/Gem_web.jpg?ssl=1\" data-amp-layout=\"responsive\"\/><\/figure><\/div><\/div><div class=\"tiled-gallery__row\"><div class=\"tiled-gallery__col\" style=\"flex-basis:63.14839%\"><figure class=\"tiled-gallery__item\"><img decoding=\"async\" srcset=\"https:\/\/i0.wp.com\/www.carolefekete.com\/wp-content\/uploads\/2022\/09\/Geometric_web.jpg?strip=info&#038;w=600&#038;ssl=1 600w,https:\/\/i0.wp.com\/www.carolefekete.com\/wp-content\/uploads\/2022\/09\/Geometric_web.jpg?strip=info&#038;w=640&#038;ssl=1 640w\" alt=\"\" data-height=\"482\" data-id=\"1211\" data-link=\"https:\/\/www.carolefekete.com\/collages-oeuvres-sur-papier\/geometric_web\/\" data-url=\"https:\/\/www.carolefekete.com\/wp-content\/uploads\/2022\/09\/Geometric_web.jpg\" data-width=\"640\" src=\"https:\/\/i0.wp.com\/www.carolefekete.com\/wp-content\/uploads\/2022\/09\/Geometric_web.jpg?ssl=1\" data-amp-layout=\"responsive\"\/><\/figure><\/div><div class=\"tiled-gallery__col\" style=\"flex-basis:36.85161%\"><figure class=\"tiled-gallery__item\"><img decoding=\"async\" srcset=\"https:\/\/i0.wp.com\/www.carolefekete.com\/wp-content\/uploads\/2022\/09\/Oblong_web.jpg?strip=info&#038;w=482&#038;ssl=1 482w\" alt=\"\" data-height=\"623\" data-id=\"1213\" data-link=\"https:\/\/www.carolefekete.com\/collages-oeuvres-sur-papier\/oblong_web\/\" data-url=\"https:\/\/www.carolefekete.com\/wp-content\/uploads\/2022\/09\/Oblong_web.jpg\" data-width=\"482\" src=\"https:\/\/i0.wp.com\/www.carolefekete.com\/wp-content\/uploads\/2022\/09\/Oblong_web.jpg?ssl=1\" data-amp-layout=\"responsive\"\/><\/figure><\/div><\/div><div class=\"tiled-gallery__row\"><div class=\"tiled-gallery__col\" style=\"flex-basis:25.62237%\"><figure class=\"tiled-gallery__item\"><img decoding=\"async\" srcset=\"https:\/\/i0.wp.com\/www.carolefekete.com\/wp-content\/uploads\/2022\/10\/Stylite_web.jpg?strip=info&#038;w=482&#038;ssl=1 482w\" alt=\"\" data-height=\"637\" data-id=\"1447\" data-link=\"https:\/\/www.carolefekete.com\/collages-oeuvres-sur-papier\/stylite_web\/\" data-url=\"https:\/\/www.carolefekete.com\/wp-content\/uploads\/2022\/10\/Stylite_web.jpg\" data-width=\"482\" src=\"https:\/\/i0.wp.com\/www.carolefekete.com\/wp-content\/uploads\/2022\/10\/Stylite_web.jpg?ssl=1\" data-amp-layout=\"responsive\"\/><\/figure><\/div><div class=\"tiled-gallery__col\" style=\"flex-basis:26.28002%\"><figure class=\"tiled-gallery__item\"><img decoding=\"async\" srcset=\"https:\/\/i0.wp.com\/www.carolefekete.com\/wp-content\/uploads\/2022\/09\/Space_web.jpg?strip=info&#038;w=482&#038;ssl=1 482w\" alt=\"\" data-height=\"621\" data-id=\"1217\" data-link=\"https:\/\/www.carolefekete.com\/collages-oeuvres-sur-papier\/space_web\/\" data-url=\"https:\/\/www.carolefekete.com\/wp-content\/uploads\/2022\/09\/Space_web.jpg\" data-width=\"482\" src=\"https:\/\/i0.wp.com\/www.carolefekete.com\/wp-content\/uploads\/2022\/09\/Space_web.jpg?ssl=1\" data-amp-layout=\"responsive\"\/><\/figure><\/div><div class=\"tiled-gallery__col\" style=\"flex-basis:25.54248%\"><figure class=\"tiled-gallery__item\"><img decoding=\"async\" srcset=\"https:\/\/i0.wp.com\/www.carolefekete.com\/wp-content\/uploads\/2022\/10\/Rescue_web.jpg?strip=info&#038;w=482&#038;ssl=1 482w\" alt=\"\" data-height=\"639\" data-id=\"1446\" data-link=\"https:\/\/www.carolefekete.com\/collages-oeuvres-sur-papier\/rescue_web\/\" data-url=\"https:\/\/www.carolefekete.com\/wp-content\/uploads\/2022\/10\/Rescue_web.jpg\" data-width=\"482\" src=\"https:\/\/i0.wp.com\/www.carolefekete.com\/wp-content\/uploads\/2022\/10\/Rescue_web.jpg?ssl=1\" data-amp-layout=\"responsive\"\/><\/figure><\/div><div class=\"tiled-gallery__col\" style=\"flex-basis:22.55514%\"><figure class=\"tiled-gallery__item\"><img decoding=\"async\" srcset=\"https:\/\/i0.wp.com\/www.carolefekete.com\/wp-content\/uploads\/2022\/09\/Cosmic_Cat_web.jpg?strip=info&#038;w=482&#038;ssl=1 482w\" alt=\"Collages, Carole F\u00e9k\u00e9t\u00e9\" data-height=\"724\" data-id=\"1209\" data-link=\"https:\/\/www.carolefekete.com\/collages-oeuvres-sur-papier\/cosmic_cat_web\/\" data-url=\"https:\/\/www.carolefekete.com\/wp-content\/uploads\/2022\/09\/Cosmic_Cat_web.jpg\" data-width=\"482\" src=\"https:\/\/i0.wp.com\/www.carolefekete.com\/wp-content\/uploads\/2022\/09\/Cosmic_Cat_web.jpg?ssl=1\" data-amp-layout=\"responsive\"\/><\/figure><\/div><\/div><div class=\"tiled-gallery__row\"><div class=\"tiled-gallery__col\" style=\"flex-basis:35.87166%\"><figure class=\"tiled-gallery__item\"><img decoding=\"async\" srcset=\"https:\/\/i0.wp.com\/www.carolefekete.com\/wp-content\/uploads\/2022\/09\/Ouroboros_web.jpg?strip=info&#038;w=482&#038;ssl=1 482w\" alt=\"\" data-height=\"648\" data-id=\"1214\" data-link=\"https:\/\/www.carolefekete.com\/collages-oeuvres-sur-papier\/ouroboros_web\/\" data-url=\"https:\/\/www.carolefekete.com\/wp-content\/uploads\/2022\/09\/Ouroboros_web.jpg\" data-width=\"482\" src=\"https:\/\/i0.wp.com\/www.carolefekete.com\/wp-content\/uploads\/2022\/09\/Ouroboros_web.jpg?ssl=1\" data-amp-layout=\"responsive\"\/><\/figure><\/div><div class=\"tiled-gallery__col\" style=\"flex-basis:64.12834%\"><figure class=\"tiled-gallery__item\"><img decoding=\"async\" srcset=\"https:\/\/i0.wp.com\/www.carolefekete.com\/wp-content\/uploads\/2022\/09\/Palet_web.jpg?strip=info&#038;w=600&#038;ssl=1 600w,https:\/\/i0.wp.com\/www.carolefekete.com\/wp-content\/uploads\/2022\/09\/Palet_web.jpg?strip=info&#038;w=642&#038;ssl=1 642w\" alt=\"\" data-height=\"482\" data-id=\"1216\" data-link=\"https:\/\/www.carolefekete.com\/collages-oeuvres-sur-papier\/palet_web\/\" data-url=\"https:\/\/www.carolefekete.com\/wp-content\/uploads\/2022\/09\/Palet_web.jpg\" data-width=\"642\" src=\"https:\/\/i0.wp.com\/www.carolefekete.com\/wp-content\/uploads\/2022\/09\/Palet_web.jpg?ssl=1\" data-amp-layout=\"responsive\"\/><\/figure><\/div><\/div><\/div><\/div><\/div>\n\n\n\n<p>Exemplaires uniques, formats magazines<\/p>\n\n\n\n<p><\/p>","protected":false},"excerpt":{"rendered":"<p>Autour de 2017, je mets en place une pratique du collage qui permet \u00e0 la fois de travailler une forme premi\u00e8re de montage et de recycler des images pr\u00e9lev\u00e9es dans une grande diversit\u00e9 de magazines et d\u2019ouvrages. Cette iconographie h\u00e9t\u00e9rog\u00e8ne, de source essentiellement photographique, fait l\u2019objet d\u2019assemblages qui combinent diff\u00e9rents plans de notre r\u00e9alit\u00e9 sensible. [&hellip;]<\/p>","protected":false},"author":1,"featured_media":0,"parent":0,"menu_order":0,"comment_status":"closed","ping_status":"closed","template":"","meta":{"advanced_seo_description":"","jetpack_seo_html_title":"","jetpack_seo_noindex":false,"footnotes":""},"class_list":["post-1201","page","type-page","status-publish","hentry"],"jetpack_sharing_enabled":true,"_links":{"self":[{"href":"https:\/\/www.carolefekete.com\/en\/wp-json\/wp\/v2\/pages\/1201","targetHints":{"allow":["GET"]}}],"collection":[{"href":"https:\/\/www.carolefekete.com\/en\/wp-json\/wp\/v2\/pages"}],"about":[{"href":"https:\/\/www.carolefekete.com\/en\/wp-json\/wp\/v2\/types\/page"}],"author":[{"embeddable":true,"href":"https:\/\/www.carolefekete.com\/en\/wp-json\/wp\/v2\/users\/1"}],"replies":[{"embeddable":true,"href":"https:\/\/www.carolefekete.com\/en\/wp-json\/wp\/v2\/comments?post=1201"}],"version-history":[{"count":47,"href":"https:\/\/www.carolefekete.com\/en\/wp-json\/wp\/v2\/pages\/1201\/revisions"}],"predecessor-version":[{"id":2158,"href":"https:\/\/www.carolefekete.com\/en\/wp-json\/wp\/v2\/pages\/1201\/revisions\/2158"}],"wp:attachment":[{"href":"https:\/\/www.carolefekete.com\/en\/wp-json\/wp\/v2\/media?parent=1201"}],"curies":[{"name":"wp","href":"https:\/\/api.w.org\/{rel}","templated":true}]}}