
{"id":120,"date":"2019-03-21T17:47:57","date_gmt":"2019-03-21T16:47:57","guid":{"rendered":"http:\/\/dev.carolefekete.com\/?page_id=120"},"modified":"2025-12-03T18:32:06","modified_gmt":"2025-12-03T17:32:06","slug":"si-par-une-nuit-dhiver","status":"publish","type":"page","link":"https:\/\/www.carolefekete.com\/en\/si-par-une-nuit-dhiver\/","title":{"rendered":"Si par une nuit d&rsquo;hiver"},"content":{"rendered":"<p>Solo show at Francine Grunewald Gallery, Paris, from December 8, 2017 to January 29, 2018<\/p>\n\n\n\n<figure class=\"wp-block-image size-full\"><img loading=\"lazy\" decoding=\"async\" width=\"1920\" height=\"1063\" src=\"https:\/\/www.carolefekete.com\/wp-content\/uploads\/2025\/10\/PCFleurs_montage_1920-copie.jpg\" alt=\"\" class=\"wp-image-2074\" srcset=\"https:\/\/www.carolefekete.com\/wp-content\/uploads\/2025\/10\/PCFleurs_montage_1920-copie.jpg 1920w, https:\/\/www.carolefekete.com\/wp-content\/uploads\/2025\/10\/PCFleurs_montage_1920-copie-300x166.jpg 300w, https:\/\/www.carolefekete.com\/wp-content\/uploads\/2025\/10\/PCFleurs_montage_1920-copie-1024x567.jpg 1024w, https:\/\/www.carolefekete.com\/wp-content\/uploads\/2025\/10\/PCFleurs_montage_1920-copie-768x425.jpg 768w, https:\/\/www.carolefekete.com\/wp-content\/uploads\/2025\/10\/PCFleurs_montage_1920-copie-1536x850.jpg 1536w, https:\/\/www.carolefekete.com\/wp-content\/uploads\/2025\/10\/PCFleurs_montage_1920-copie-18x10.jpg 18w, https:\/\/www.carolefekete.com\/wp-content\/uploads\/2025\/10\/PCFleurs_montage_1920-copie-1000x554.jpg 1000w, https:\/\/www.carolefekete.com\/wp-content\/uploads\/2025\/10\/PCFleurs_montage_1920-copie-230x127.jpg 230w, https:\/\/www.carolefekete.com\/wp-content\/uploads\/2025\/10\/PCFleurs_montage_1920-copie-350x194.jpg 350w, https:\/\/www.carolefekete.com\/wp-content\/uploads\/2025\/10\/PCFleurs_montage_1920-copie-480x266.jpg 480w\" sizes=\"auto, (max-width: 1920px) 100vw, 1920px\" \/><\/figure>\n\n\n\n<p class=\"translation-block\"><em>Les fleurs, Making of<\/em>,\u00a02001-2006, \u00a036 contact sheets, \u00a024 x 30 cm<\/p>\n\n\n\n<p class=\"translation-block\">The contact sheets united here correspond to the preparatory work for the series <em>Les fleurs<\/em> (2001-2006).\u00a0Several years after having finished this project, I decided to integrate the contact sheets to cover one wall, or only hang a few. They are witnesses of a device used for the initial project\u00a0: the number of flowers that passed the casting, the numerous results obtained depending on the species and the relationship between the colors of the flowers and the background.<\/p>\n\n\n\n<div style=\"height:1em\" aria-hidden=\"true\" class=\"wp-block-spacer\"><\/div>\n\n\n\n<figure class=\"wp-block-image size-full\"><img loading=\"lazy\" decoding=\"async\" width=\"1916\" height=\"2560\" src=\"https:\/\/www.carolefekete.com\/wp-content\/uploads\/2025\/10\/15Plaques_Montage_1920-scaled.jpg\" alt=\"\" class=\"wp-image-2077\" srcset=\"https:\/\/www.carolefekete.com\/wp-content\/uploads\/2025\/10\/15Plaques_Montage_1920-scaled.jpg 1916w, https:\/\/www.carolefekete.com\/wp-content\/uploads\/2025\/10\/15Plaques_Montage_1920-224x300.jpg 224w, https:\/\/www.carolefekete.com\/wp-content\/uploads\/2025\/10\/15Plaques_Montage_1920-766x1024.jpg 766w, https:\/\/www.carolefekete.com\/wp-content\/uploads\/2025\/10\/15Plaques_Montage_1920-768x1026.jpg 768w, https:\/\/www.carolefekete.com\/wp-content\/uploads\/2025\/10\/15Plaques_Montage_1920-1149x1536.jpg 1149w, https:\/\/www.carolefekete.com\/wp-content\/uploads\/2025\/10\/15Plaques_Montage_1920-1532x2048.jpg 1532w, https:\/\/www.carolefekete.com\/wp-content\/uploads\/2025\/10\/15Plaques_Montage_1920-9x12.jpg 9w, https:\/\/www.carolefekete.com\/wp-content\/uploads\/2025\/10\/15Plaques_Montage_1920-1000x1336.jpg 1000w, https:\/\/www.carolefekete.com\/wp-content\/uploads\/2025\/10\/15Plaques_Montage_1920-230x307.jpg 230w, https:\/\/www.carolefekete.com\/wp-content\/uploads\/2025\/10\/15Plaques_Montage_1920-350x468.jpg 350w, https:\/\/www.carolefekete.com\/wp-content\/uploads\/2025\/10\/15Plaques_Montage_1920-480x642.jpg 480w\" sizes=\"auto, (max-width: 1916px) 100vw, 1916px\" \/><\/figure>\n\n\n\n<p><em>Plaques sensibles<\/em>, 2009, s\u00e9rie de 16 images, impressions pigmentaire, 24 x 30 cm<\/p>\n\n\n\n<p>These boxes for photographic plates evoke the history of photography and the fantasy of a mechanical image. The lids of these reliquaries of light toy with evocations of speed, truth, perfection, sensitivity or cartographic optics in a glowing lexicon which is reflected by their jaunty graphic design.<\/p>\n\n\n\n<div style=\"height:1em\" aria-hidden=\"true\" class=\"wp-block-spacer\"><\/div>\n\n\n\n<figure class=\"wp-block-image size-full\"><img loading=\"lazy\" decoding=\"async\" width=\"1280\" height=\"984\" src=\"https:\/\/www.carolefekete.com\/wp-content\/uploads\/2019\/03\/Visuel_FilmRouge-copie-1.jpg\" alt=\"\" class=\"wp-image-165\" srcset=\"https:\/\/www.carolefekete.com\/wp-content\/uploads\/2019\/03\/Visuel_FilmRouge-copie-1.jpg 1280w, https:\/\/www.carolefekete.com\/wp-content\/uploads\/2019\/03\/Visuel_FilmRouge-copie-1-300x231.jpg 300w, https:\/\/www.carolefekete.com\/wp-content\/uploads\/2019\/03\/Visuel_FilmRouge-copie-1-768x590.jpg 768w, https:\/\/www.carolefekete.com\/wp-content\/uploads\/2019\/03\/Visuel_FilmRouge-copie-1-1024x787.jpg 1024w, https:\/\/www.carolefekete.com\/wp-content\/uploads\/2019\/03\/Visuel_FilmRouge-copie-1-830x638.jpg 830w, https:\/\/www.carolefekete.com\/wp-content\/uploads\/2019\/03\/Visuel_FilmRouge-copie-1-230x177.jpg 230w, https:\/\/www.carolefekete.com\/wp-content\/uploads\/2019\/03\/Visuel_FilmRouge-copie-1-350x269.jpg 350w, https:\/\/www.carolefekete.com\/wp-content\/uploads\/2019\/03\/Visuel_FilmRouge-copie-1-480x369.jpg 480w\" sizes=\"auto, (max-width: 1280px) 100vw, 1280px\" \/><\/figure>\n\n\n\n<p class=\"translation-block\"><em>Film rouge (\u00c7a tourne\u00a0!)<\/em>, 2014, video HD, sound, 2\u201955\u2019\u2019<\/p>\n\n\n\n<p>A windmill and a ventilator. The windmill\u2019s blades and the sound of the motor remind us of the movement of the movie camera which, in this case, has been replaced by a camcorder. The two objects start moving in a minimalistic performance, which is reminiscent of pupets, of pure color and of basic cinematographic principles.<\/p>\n\n\n\n<div style=\"height:1em\" aria-hidden=\"true\" class=\"wp-block-spacer\"><\/div>\n\n\n\n<figure class=\"wp-block-image\"><img decoding=\"async\" src=\"https:\/\/www.carolefekete.com\/wp-content\/uploads\/elementor\/thumbs\/PopUp-copie-copie-ovp9r7k3g6c48i8cb6902cx2cou8e188vdxpdf70vw.jpg\" alt=\"PopUp copie - copie\" title=\"PopUp copie \u2013 copie\"\/><\/figure>\n\n\n\n<p class=\"translation-block\"><em>Pop-Up<\/em>, papers collage,\u00a012 x 12,3\u00a0cm<\/p>\n\n\n\n<p>This small collage is part of a work on paper begun in about 2007. A project that is easy to work on and which allows for the recycling of magazines, producing images that exceed our sensitive reality and letting familiar motives resurface, here, the representation of space.<\/p>\n\n\n\n<div style=\"height:1em\" aria-hidden=\"true\" class=\"wp-block-spacer\"><\/div>\n\n\n\n<figure class=\"wp-block-image\"><img decoding=\"async\" src=\"https:\/\/www.carolefekete.com\/wp-content\/uploads\/2019\/03\/MonochromeBlanc-copie-1.jpg\" alt=\"\"\/><\/figure>\n\n\n\n<p class=\"translation-block\"><em>Monochrome blanc<\/em>, 2017, papers collage, 20 x 27 cm<\/p>\n\n\n\n<p>In Herman Melville's <em>Moby Dick<\/em> there is a chapter titled \"The Whiteness of the Whale\". Here is an extract of the images and the adjectives that qualify the whiteness and thus form a new poem and, so to speak, a white literary monochrome.&nbsp;<em>Moby Dick<\/em>, de Herman Melville, se trouve un chapitre intitul\u00e9 <em>La blancheur de la baleine<\/em>. Il s\u2019agit ici d\u2019un extrait des images et des adjectifs qui qualifient le blanc et la blancheur pour former un nouveau po\u00e8me et, si l\u2019on veut, un monochrome blanc litt\u00e9raire.<\/p>\n\n\n\n<div style=\"height:1em\" aria-hidden=\"true\" class=\"wp-block-spacer\"><\/div>\n\n\n\n<div class=\"wp-block-jetpack-slideshow aligncenter\" data-effect=\"slide\"><div class=\"wp-block-jetpack-slideshow_container swiper\"><ul class=\"wp-block-jetpack-slideshow_swiper-wrapper swiper-wrapper\"><li class=\"wp-block-jetpack-slideshow_slide swiper-slide\"><figure><img loading=\"lazy\" decoding=\"async\" width=\"771\" height=\"766\" alt=\"\" class=\"wp-block-jetpack-slideshow_image wp-image-477\" data-id=\"477\" src=\"https:\/\/www.carolefekete.com\/wp-content\/uploads\/2019\/03\/010-1.jpg\" srcset=\"https:\/\/www.carolefekete.com\/wp-content\/uploads\/2019\/03\/010-1.jpg 771w, https:\/\/www.carolefekete.com\/wp-content\/uploads\/2019\/03\/010-1-150x150.jpg 150w, https:\/\/www.carolefekete.com\/wp-content\/uploads\/2019\/03\/010-1-300x298.jpg 300w, https:\/\/www.carolefekete.com\/wp-content\/uploads\/2019\/03\/010-1-768x763.jpg 768w, https:\/\/www.carolefekete.com\/wp-content\/uploads\/2019\/03\/010-1-230x229.jpg 230w, https:\/\/www.carolefekete.com\/wp-content\/uploads\/2019\/03\/010-1-350x348.jpg 350w, https:\/\/www.carolefekete.com\/wp-content\/uploads\/2019\/03\/010-1-480x477.jpg 480w\" sizes=\"(max-width: 771px) 100vw, 771px\" \/><\/figure><\/li><li class=\"wp-block-jetpack-slideshow_slide swiper-slide\"><figure><img loading=\"lazy\" decoding=\"async\" width=\"914\" height=\"766\" alt=\"\" class=\"wp-block-jetpack-slideshow_image wp-image-476\" data-id=\"476\" src=\"https:\/\/www.carolefekete.com\/wp-content\/uploads\/2019\/03\/009-1.jpg\" srcset=\"https:\/\/www.carolefekete.com\/wp-content\/uploads\/2019\/03\/009-1.jpg 914w, https:\/\/www.carolefekete.com\/wp-content\/uploads\/2019\/03\/009-1-300x251.jpg 300w, https:\/\/www.carolefekete.com\/wp-content\/uploads\/2019\/03\/009-1-768x644.jpg 768w, https:\/\/www.carolefekete.com\/wp-content\/uploads\/2019\/03\/009-1-830x696.jpg 830w, https:\/\/www.carolefekete.com\/wp-content\/uploads\/2019\/03\/009-1-230x193.jpg 230w, https:\/\/www.carolefekete.com\/wp-content\/uploads\/2019\/03\/009-1-350x293.jpg 350w, https:\/\/www.carolefekete.com\/wp-content\/uploads\/2019\/03\/009-1-480x402.jpg 480w\" sizes=\"(max-width: 914px) 100vw, 914px\" \/><\/figure><\/li><li class=\"wp-block-jetpack-slideshow_slide swiper-slide\"><figure><img loading=\"lazy\" decoding=\"async\" width=\"954\" height=\"766\" alt=\"\" class=\"wp-block-jetpack-slideshow_image wp-image-475\" data-id=\"475\" src=\"https:\/\/www.carolefekete.com\/wp-content\/uploads\/2019\/03\/008-1.jpg\" srcset=\"https:\/\/www.carolefekete.com\/wp-content\/uploads\/2019\/03\/008-1.jpg 954w, https:\/\/www.carolefekete.com\/wp-content\/uploads\/2019\/03\/008-1-300x241.jpg 300w, https:\/\/www.carolefekete.com\/wp-content\/uploads\/2019\/03\/008-1-768x617.jpg 768w, https:\/\/www.carolefekete.com\/wp-content\/uploads\/2019\/03\/008-1-830x666.jpg 830w, https:\/\/www.carolefekete.com\/wp-content\/uploads\/2019\/03\/008-1-230x185.jpg 230w, https:\/\/www.carolefekete.com\/wp-content\/uploads\/2019\/03\/008-1-350x281.jpg 350w, https:\/\/www.carolefekete.com\/wp-content\/uploads\/2019\/03\/008-1-480x385.jpg 480w\" sizes=\"(max-width: 954px) 100vw, 954px\" \/><\/figure><\/li><li class=\"wp-block-jetpack-slideshow_slide swiper-slide\"><figure><img loading=\"lazy\" decoding=\"async\" width=\"966\" height=\"766\" alt=\"\" class=\"wp-block-jetpack-slideshow_image wp-image-474\" data-id=\"474\" src=\"https:\/\/www.carolefekete.com\/wp-content\/uploads\/2019\/03\/007-1.jpg\" srcset=\"https:\/\/www.carolefekete.com\/wp-content\/uploads\/2019\/03\/007-1.jpg 966w, https:\/\/www.carolefekete.com\/wp-content\/uploads\/2019\/03\/007-1-300x238.jpg 300w, https:\/\/www.carolefekete.com\/wp-content\/uploads\/2019\/03\/007-1-768x609.jpg 768w, https:\/\/www.carolefekete.com\/wp-content\/uploads\/2019\/03\/007-1-830x658.jpg 830w, https:\/\/www.carolefekete.com\/wp-content\/uploads\/2019\/03\/007-1-230x182.jpg 230w, https:\/\/www.carolefekete.com\/wp-content\/uploads\/2019\/03\/007-1-350x278.jpg 350w, https:\/\/www.carolefekete.com\/wp-content\/uploads\/2019\/03\/007-1-480x381.jpg 480w\" sizes=\"(max-width: 966px) 100vw, 966px\" \/><\/figure><\/li><li class=\"wp-block-jetpack-slideshow_slide swiper-slide\"><figure><img loading=\"lazy\" decoding=\"async\" width=\"934\" height=\"766\" alt=\"\" class=\"wp-block-jetpack-slideshow_image wp-image-473\" data-id=\"473\" src=\"https:\/\/www.carolefekete.com\/wp-content\/uploads\/2019\/03\/005-1.jpg\" srcset=\"https:\/\/www.carolefekete.com\/wp-content\/uploads\/2019\/03\/005-1.jpg 934w, https:\/\/www.carolefekete.com\/wp-content\/uploads\/2019\/03\/005-1-300x246.jpg 300w, https:\/\/www.carolefekete.com\/wp-content\/uploads\/2019\/03\/005-1-768x630.jpg 768w, https:\/\/www.carolefekete.com\/wp-content\/uploads\/2019\/03\/005-1-830x681.jpg 830w, https:\/\/www.carolefekete.com\/wp-content\/uploads\/2019\/03\/005-1-230x189.jpg 230w, https:\/\/www.carolefekete.com\/wp-content\/uploads\/2019\/03\/005-1-350x287.jpg 350w, https:\/\/www.carolefekete.com\/wp-content\/uploads\/2019\/03\/005-1-480x394.jpg 480w\" sizes=\"(max-width: 934px) 100vw, 934px\" \/><\/figure><\/li><li class=\"wp-block-jetpack-slideshow_slide swiper-slide\"><figure><img loading=\"lazy\" decoding=\"async\" width=\"943\" height=\"766\" alt=\"\" class=\"wp-block-jetpack-slideshow_image wp-image-472\" data-id=\"472\" src=\"https:\/\/www.carolefekete.com\/wp-content\/uploads\/2019\/03\/004-1.jpg\" srcset=\"https:\/\/www.carolefekete.com\/wp-content\/uploads\/2019\/03\/004-1.jpg 943w, https:\/\/www.carolefekete.com\/wp-content\/uploads\/2019\/03\/004-1-300x244.jpg 300w, https:\/\/www.carolefekete.com\/wp-content\/uploads\/2019\/03\/004-1-768x624.jpg 768w, https:\/\/www.carolefekete.com\/wp-content\/uploads\/2019\/03\/004-1-830x674.jpg 830w, https:\/\/www.carolefekete.com\/wp-content\/uploads\/2019\/03\/004-1-230x187.jpg 230w, https:\/\/www.carolefekete.com\/wp-content\/uploads\/2019\/03\/004-1-350x284.jpg 350w, https:\/\/www.carolefekete.com\/wp-content\/uploads\/2019\/03\/004-1-480x390.jpg 480w\" sizes=\"(max-width: 943px) 100vw, 943px\" \/><\/figure><\/li><li class=\"wp-block-jetpack-slideshow_slide swiper-slide\"><figure><img loading=\"lazy\" decoding=\"async\" width=\"1024\" height=\"766\" alt=\"\" class=\"wp-block-jetpack-slideshow_image wp-image-471\" data-id=\"471\" data-aspect-ratio=\"1024 \/ 766\" src=\"https:\/\/www.carolefekete.com\/wp-content\/uploads\/2019\/03\/003-1-1024x766.jpg\" srcset=\"https:\/\/www.carolefekete.com\/wp-content\/uploads\/2019\/03\/003-1.jpg 1024w, https:\/\/www.carolefekete.com\/wp-content\/uploads\/2019\/03\/003-1-300x224.jpg 300w, https:\/\/www.carolefekete.com\/wp-content\/uploads\/2019\/03\/003-1-768x575.jpg 768w, https:\/\/www.carolefekete.com\/wp-content\/uploads\/2019\/03\/003-1-830x621.jpg 830w, https:\/\/www.carolefekete.com\/wp-content\/uploads\/2019\/03\/003-1-230x172.jpg 230w, https:\/\/www.carolefekete.com\/wp-content\/uploads\/2019\/03\/003-1-350x262.jpg 350w, https:\/\/www.carolefekete.com\/wp-content\/uploads\/2019\/03\/003-1-480x359.jpg 480w\" sizes=\"(max-width: 1024px) 100vw, 1024px\" \/><\/figure><\/li><li class=\"wp-block-jetpack-slideshow_slide swiper-slide\"><figure><img loading=\"lazy\" decoding=\"async\" width=\"872\" height=\"766\" alt=\"\" class=\"wp-block-jetpack-slideshow_image wp-image-470\" data-id=\"470\" src=\"https:\/\/www.carolefekete.com\/wp-content\/uploads\/2019\/03\/002-1.jpg\" srcset=\"https:\/\/www.carolefekete.com\/wp-content\/uploads\/2019\/03\/002-1.jpg 872w, https:\/\/www.carolefekete.com\/wp-content\/uploads\/2019\/03\/002-1-300x264.jpg 300w, https:\/\/www.carolefekete.com\/wp-content\/uploads\/2019\/03\/002-1-768x675.jpg 768w, https:\/\/www.carolefekete.com\/wp-content\/uploads\/2019\/03\/002-1-830x729.jpg 830w, https:\/\/www.carolefekete.com\/wp-content\/uploads\/2019\/03\/002-1-230x202.jpg 230w, https:\/\/www.carolefekete.com\/wp-content\/uploads\/2019\/03\/002-1-350x307.jpg 350w, https:\/\/www.carolefekete.com\/wp-content\/uploads\/2019\/03\/002-1-480x422.jpg 480w\" sizes=\"(max-width: 872px) 100vw, 872px\" \/><\/figure><\/li><li class=\"wp-block-jetpack-slideshow_slide swiper-slide\"><figure><img loading=\"lazy\" decoding=\"async\" width=\"1019\" height=\"766\" alt=\"\" class=\"wp-block-jetpack-slideshow_image wp-image-469\" data-id=\"469\" src=\"https:\/\/www.carolefekete.com\/wp-content\/uploads\/2019\/03\/001-1.jpg\" srcset=\"https:\/\/www.carolefekete.com\/wp-content\/uploads\/2019\/03\/001-1.jpg 1019w, https:\/\/www.carolefekete.com\/wp-content\/uploads\/2019\/03\/001-1-300x226.jpg 300w, https:\/\/www.carolefekete.com\/wp-content\/uploads\/2019\/03\/001-1-768x577.jpg 768w, https:\/\/www.carolefekete.com\/wp-content\/uploads\/2019\/03\/001-1-830x624.jpg 830w, https:\/\/www.carolefekete.com\/wp-content\/uploads\/2019\/03\/001-1-230x173.jpg 230w, https:\/\/www.carolefekete.com\/wp-content\/uploads\/2019\/03\/001-1-350x263.jpg 350w, https:\/\/www.carolefekete.com\/wp-content\/uploads\/2019\/03\/001-1-480x361.jpg 480w\" sizes=\"(max-width: 1019px) 100vw, 1019px\" \/><\/figure><\/li><\/ul><a class=\"wp-block-jetpack-slideshow_button-prev swiper-button-prev swiper-button-white\" role=\"button\"><\/a><a class=\"wp-block-jetpack-slideshow_button-next swiper-button-next swiper-button-white\" role=\"button\"><\/a><a aria-label=\"Pause Slideshow\" class=\"wp-block-jetpack-slideshow_button-pause\" role=\"button\"><\/a><div class=\"wp-block-jetpack-slideshow_pagination swiper-pagination swiper-pagination-white\"><\/div><\/div><\/div>\n\n\n\n<p><em>Les pierres tombales<\/em>, 2006, s\u00e9rie de 9 photographies, impressions jet d\u2019encre, haut. 80 cm, long. variable<\/p>\n\n\n\n<p>Dans cette s\u00e9rie<em>,<\/em> la prise de vue adh\u00e8re \u00e0 la forme du sujet dont la plan\u00e9it\u00e9 et le format pr\u00e9d\u00e9finissent le cadrage. L\u2019image pr\u00e9tend \u00e0 un faible \u00e9cart entre la repr\u00e9sentation et son objet. La surface du marbre s\u2019alt\u00e8re au contact des \u00e9l\u00e9ments selon un principe semblable \u00e0 celui qui gouverne la photographie argentique ; un lien s\u2019\u00e9tablit entre la nature de l\u2019objet et les modalit\u00e9s de son enregistrement.<\/p>\n\n\n\n<div style=\"height:1em\" aria-hidden=\"true\" class=\"wp-block-spacer\"><\/div>\n\n\n\n<div class=\"wp-block-columns are-vertically-aligned-top is-layout-flex wp-container-core-columns-is-layout-28f84493 wp-block-columns-is-layout-flex\">\n<div class=\"wp-block-column is-layout-flow wp-block-column-is-layout-flow\" style=\"flex-basis:55%\">\n<figure class=\"wp-block-image\"><img loading=\"lazy\" decoding=\"async\" width=\"540\" height=\"1001\" src=\"https:\/\/www.carolefekete.com\/wp-content\/uploads\/2019\/03\/DSC03539-web.jpg\" alt=\"\" class=\"wp-image-143\" srcset=\"https:\/\/www.carolefekete.com\/wp-content\/uploads\/2019\/03\/DSC03539-web.jpg 540w, https:\/\/www.carolefekete.com\/wp-content\/uploads\/2019\/03\/DSC03539-web-162x300.jpg 162w, https:\/\/www.carolefekete.com\/wp-content\/uploads\/2019\/03\/DSC03539-web-230x426.jpg 230w, https:\/\/www.carolefekete.com\/wp-content\/uploads\/2019\/03\/DSC03539-web-350x649.jpg 350w, https:\/\/www.carolefekete.com\/wp-content\/uploads\/2019\/03\/DSC03539-web-480x890.jpg 480w\" sizes=\"auto, (max-width: 540px) 100vw, 540px\" \/><\/figure>\n<\/div>\n\n\n\n<div class=\"wp-block-column is-layout-flow wp-block-column-is-layout-flow\" style=\"flex-basis:45%\"><\/div>\n<\/div>\n\n\n\n<figure class=\"wp-block-gallery has-nested-images columns-default wp-block-gallery-1 is-layout-flex wp-block-gallery-is-layout-flex\">\n<figure class=\"wp-block-image gallery-item\"><a href=\"https:\/\/www.carolefekete.com\/wp-content\/uploads\/2019\/03\/DSC03518-web-1.jpg\"><img decoding=\"async\" src=\"https:\/\/www.carolefekete.com\/wp-content\/uploads\/2019\/03\/DSC03518-web-1.jpg\" alt=\"\"\/><\/a><\/figure>\n\n\n\n<figure class=\"wp-block-image gallery-item\"><a href=\"https:\/\/www.carolefekete.com\/wp-content\/uploads\/2022\/10\/DSC03502-web-1.jpg\"><img decoding=\"async\" src=\"https:\/\/www.carolefekete.com\/wp-content\/uploads\/2022\/10\/DSC03502-web-1.jpg\" alt=\"\"\/><\/a><\/figure>\n\n\n\n<figure class=\"wp-block-image gallery-item\"><a href=\"https:\/\/www.carolefekete.com\/wp-content\/uploads\/2019\/03\/DSC03490-web-1.jpg\"><img decoding=\"async\" src=\"https:\/\/www.carolefekete.com\/wp-content\/uploads\/2019\/03\/DSC03490-web-1.jpg\" alt=\"\"\/><\/a><\/figure>\n<\/figure>\n\n\n\n<p class=\"translation-block\"><em>Collier<\/em>, 2017, bones, string hanging, \u00a0dia 10 cm. approx 4 1\/2 meter<\/p>\n\n\n\n<p>Le projet de ce collier a pris forme en collectant et en blanchissant des os \u00e0 moelle. L&rsquo;exp\u00e9rience en elle-m\u00eame, et le collier d\u00e9fait de sa fonction initiale renvoient aux objets anthropologiques utilis\u00e9s dans les pratiques rituelles et magiques.<\/p>","protected":false},"excerpt":{"rendered":"<p>Exposition \u00e0 la galerie Francine Grunewald du 8 d\u00e9cembre 2017 au 29 janvier 2018 Les fleurs, Making of, 2001-2006, 36 planches contact, 24 x 30 cm chaque. Les planches contact r\u00e9unies ici correspondent au travail pr\u00e9paratoire pour la s\u00e9rie&nbsp;Les fleurs&nbsp;(2002-2007). Plusieurs ann\u00e9es apr\u00e8s avoir achev\u00e9 ce projet, je d\u00e9cidais d\u2019int\u00e9grer les planches en l\u2019\u00e9tat pour [&hellip;]<\/p>","protected":false},"author":1,"featured_media":145,"parent":0,"menu_order":0,"comment_status":"closed","ping_status":"closed","template":"","meta":{"advanced_seo_description":"","jetpack_seo_html_title":"","jetpack_seo_noindex":false,"footnotes":""},"class_list":["post-120","page","type-page","status-publish","has-post-thumbnail","hentry"],"jetpack_sharing_enabled":true,"_links":{"self":[{"href":"https:\/\/www.carolefekete.com\/en\/wp-json\/wp\/v2\/pages\/120","targetHints":{"allow":["GET"]}}],"collection":[{"href":"https:\/\/www.carolefekete.com\/en\/wp-json\/wp\/v2\/pages"}],"about":[{"href":"https:\/\/www.carolefekete.com\/en\/wp-json\/wp\/v2\/types\/page"}],"author":[{"embeddable":true,"href":"https:\/\/www.carolefekete.com\/en\/wp-json\/wp\/v2\/users\/1"}],"replies":[{"embeddable":true,"href":"https:\/\/www.carolefekete.com\/en\/wp-json\/wp\/v2\/comments?post=120"}],"version-history":[{"count":122,"href":"https:\/\/www.carolefekete.com\/en\/wp-json\/wp\/v2\/pages\/120\/revisions"}],"predecessor-version":[{"id":2180,"href":"https:\/\/www.carolefekete.com\/en\/wp-json\/wp\/v2\/pages\/120\/revisions\/2180"}],"wp:featuredmedia":[{"embeddable":true,"href":"https:\/\/www.carolefekete.com\/en\/wp-json\/wp\/v2\/media\/145"}],"wp:attachment":[{"href":"https:\/\/www.carolefekete.com\/en\/wp-json\/wp\/v2\/media?parent=120"}],"curies":[{"name":"wp","href":"https:\/\/api.w.org\/{rel}","templated":true}]}}