
{"id":110,"date":"2019-03-21T17:35:05","date_gmt":"2019-03-21T16:35:05","guid":{"rendered":"http:\/\/dev.carolefekete.com\/?page_id=110"},"modified":"2025-12-03T18:33:30","modified_gmt":"2025-12-03T17:33:30","slug":"les-baraques","status":"publish","type":"page","link":"https:\/\/www.carolefekete.com\/en\/les-baraques\/","title":{"rendered":"Les Baraques-Plage"},"content":{"rendered":"<figure class=\"wp-block-gallery has-nested-images columns-default is-cropped wp-block-gallery-1 is-layout-flex wp-block-gallery-is-layout-flex\">\n<figure class=\"wp-block-image gallery-item\"><a href=\"https:\/\/www.carolefekete.com\/wp-content\/uploads\/2019\/03\/07.jpg\"><img decoding=\"async\" src=\"https:\/\/www.carolefekete.com\/wp-content\/uploads\/2019\/03\/07-300x225.jpg\" alt=\"\"\/><\/a><\/figure>\n\n\n\n<figure class=\"wp-block-image gallery-item\"><a href=\"https:\/\/www.carolefekete.com\/wp-content\/uploads\/2019\/03\/06.jpg\"><img decoding=\"async\" src=\"https:\/\/www.carolefekete.com\/wp-content\/uploads\/2019\/03\/06-300x225.jpg\" alt=\"\"\/><\/a><\/figure>\n\n\n\n<figure class=\"wp-block-image gallery-item\"><a href=\"https:\/\/www.carolefekete.com\/wp-content\/uploads\/2019\/03\/04.jpg\"><img decoding=\"async\" src=\"https:\/\/www.carolefekete.com\/wp-content\/uploads\/2019\/03\/04-300x225.jpg\" alt=\"\"\/><\/a><\/figure>\n\n\n\n<figure class=\"wp-block-image gallery-item\"><a href=\"https:\/\/www.carolefekete.com\/wp-content\/uploads\/2019\/03\/05.jpg\"><img decoding=\"async\" src=\"https:\/\/www.carolefekete.com\/wp-content\/uploads\/2019\/03\/05-300x225.jpg\" alt=\"\"\/><\/a><\/figure>\n\n\n\n<figure class=\"wp-block-image gallery-item\"><a href=\"https:\/\/www.carolefekete.com\/wp-content\/uploads\/2019\/03\/01.jpg\"><img decoding=\"async\" src=\"https:\/\/www.carolefekete.com\/wp-content\/uploads\/2019\/03\/01-300x225.jpg\" alt=\"\"\/><\/a><\/figure>\n\n\n\n<figure class=\"wp-block-image gallery-item\"><a href=\"https:\/\/www.carolefekete.com\/wp-content\/uploads\/2019\/03\/02.jpg\"><img decoding=\"async\" src=\"https:\/\/www.carolefekete.com\/wp-content\/uploads\/2019\/03\/02-300x225.jpg\" alt=\"\"\/><\/a><\/figure>\n<\/figure>\n\n\n\n<p class=\"translation-block\"><em>Les Baraques-Plage (Sangatte 2013)<\/em>, 2013, video HD, black &amp; white, sound, 14\u201935\u2019\u2019.<\/p>\n\n\n\n<p>A beach between Calais and Sangatte (northern France) in winter. A travelling in a unique sequence shot shows the cabins lined up one after the other over several hundred meters. The beach is deserted\u00a0; beyond the waves and the wind, voices in the distance are audible.<\/p>","protected":false},"excerpt":{"rendered":"<p>Les Baraques-Plage (Sangatte 2013), 2013, vid\u00e9o noir et blanc, sonore, 14\u201935\u2019\u2019. Une plage entre Calais et Sangatte en hiver. Un travelling en un seul plan s\u00e9quence fait appara\u00eetre l\u2019une apr\u00e8s l\u2019autre des baraques align\u00e9es sur plusieurs centaines de m\u00e8tres. La plage est d\u00e9serte, en plus des vagues et du vent, on per\u00e7oit quelques voix au [&hellip;]<\/p>","protected":false},"author":1,"featured_media":111,"parent":0,"menu_order":0,"comment_status":"closed","ping_status":"closed","template":"","meta":{"advanced_seo_description":"","jetpack_seo_html_title":"","jetpack_seo_noindex":false,"footnotes":""},"class_list":["post-110","page","type-page","status-publish","has-post-thumbnail","hentry"],"jetpack_sharing_enabled":true,"_links":{"self":[{"href":"https:\/\/www.carolefekete.com\/en\/wp-json\/wp\/v2\/pages\/110","targetHints":{"allow":["GET"]}}],"collection":[{"href":"https:\/\/www.carolefekete.com\/en\/wp-json\/wp\/v2\/pages"}],"about":[{"href":"https:\/\/www.carolefekete.com\/en\/wp-json\/wp\/v2\/types\/page"}],"author":[{"embeddable":true,"href":"https:\/\/www.carolefekete.com\/en\/wp-json\/wp\/v2\/users\/1"}],"replies":[{"embeddable":true,"href":"https:\/\/www.carolefekete.com\/en\/wp-json\/wp\/v2\/comments?post=110"}],"version-history":[{"count":15,"href":"https:\/\/www.carolefekete.com\/en\/wp-json\/wp\/v2\/pages\/110\/revisions"}],"predecessor-version":[{"id":2182,"href":"https:\/\/www.carolefekete.com\/en\/wp-json\/wp\/v2\/pages\/110\/revisions\/2182"}],"wp:featuredmedia":[{"embeddable":true,"href":"https:\/\/www.carolefekete.com\/en\/wp-json\/wp\/v2\/media\/111"}],"wp:attachment":[{"href":"https:\/\/www.carolefekete.com\/en\/wp-json\/wp\/v2\/media?parent=110"}],"curies":[{"name":"wp","href":"https:\/\/api.w.org\/{rel}","templated":true}]}}